{"id":5646,"date":"2022-09-19T16:35:34","date_gmt":"2022-09-19T14:35:34","guid":{"rendered":"https:\/\/dev.risk-indexes.com\/demandez-une-demo-gratuite\/"},"modified":"2022-09-19T16:35:34","modified_gmt":"2022-09-19T14:35:34","slug":"demandez-une-demo-gratuite","status":"publish","type":"page","link":"https:\/\/risk-indexes.com\/fr\/demandez-une-demo-gratuite\/","title":{"rendered":"Demandez une d\u00e9mo gratuite"},"content":{"rendered":"\t\t<div data-elementor-type=\"wp-page\" data-elementor-id=\"5646\" class=\"elementor elementor-5646 elementor-4041\" data-elementor-post-type=\"page\">\n\t\t\t\t\t\t<section class=\"elementor-section elementor-top-section elementor-element elementor-element-510decb5 elementor-section-boxed elementor-section-height-default elementor-section-height-default\" data-id=\"510decb5\" data-element_type=\"section\">\n\t\t\t\t\t\t<div class=\"elementor-container elementor-column-gap-default\">\n\t\t\t\t\t<div class=\"elementor-column elementor-col-100 elementor-top-column elementor-element elementor-element-44ce525\" data-id=\"44ce525\" data-element_type=\"column\">\n\t\t\t<div class=\"elementor-widget-wrap elementor-element-populated\">\n\t\t\t\t\t\t<div class=\"elementor-element elementor-element-73399470 elementor-widget elementor-widget-heading\" data-id=\"73399470\" data-element_type=\"widget\" data-widget_type=\"heading.default\">\n\t\t\t\t<div class=\"elementor-widget-container\">\n\t\t\t<h2 class=\"elementor-heading-title elementor-size-default\">Demandez une d\u00e9mo gratuite<\/h2>\t\t<\/div>\n\t\t\t\t<\/div>\n\t\t\t\t<div class=\"elementor-element elementor-element-384a4ae elementor-widget elementor-widget-text-editor\" data-id=\"384a4ae\" data-element_type=\"widget\" data-widget_type=\"text-editor.default\">\n\t\t\t\t<div class=\"elementor-widget-container\">\n\t\t\t\t\t\t\t<h3>Un syst\u00e8me complet de gestion de cas pour vos besoins de conformit\u00e9<\/h3>\n<p>Nous sommes heureux de vous offrir une d\u00e9monstration de notre solution logicielle. Merci de partager vos coordonn\u00e9es ci-dessous. L&rsquo;un de nos experts prendra contact avec vous sous peu.<\/p>\n\t\t\t\t\t\t<\/div>\n\t\t\t\t<\/div>\n\t\t\t\t<div class=\"elementor-element elementor-element-9322a35 elementor-button-align-start elementor-widget elementor-widget-form\" data-id=\"9322a35\" data-element_type=\"widget\" data-settings=\"{&quot;step_next_label&quot;:&quot;Suivant&quot;,&quot;step_previous_label&quot;:&quot;Pr\\u00e9c\\u00e9dent&quot;,&quot;button_width&quot;:&quot;100&quot;,&quot;step_type&quot;:&quot;number_text&quot;,&quot;step_icon_shape&quot;:&quot;circle&quot;}\" data-widget_type=\"form.default\">\n\t\t\t\t<div class=\"elementor-widget-container\">\n\t\t\t\t\t<form class=\"elementor-form\" method=\"post\" name=\"Nouveau Formulaire\">\n\t\t\t<input type=\"hidden\" name=\"post_id\" value=\"5646\"\/>\n\t\t\t<input type=\"hidden\" name=\"form_id\" value=\"9322a35\"\/>\n\t\t\t<input type=\"hidden\" name=\"referer_title\" value=\"Global Corruption &amp; ESG Indexes\" \/>\n\n\t\t\t\n\t\t\t<div class=\"elementor-form-fields-wrapper elementor-labels-above\">\n\t\t\t\t\t\t\t\t<div class=\"elementor-field-type-text elementor-field-group elementor-column elementor-field-group-name elementor-col-50 elementor-field-required\">\n\t\t\t\t\t\t\t\t\t\t\t\t\t<input size=\"1\" type=\"text\" name=\"form_fields[name]\" id=\"form-field-name\" class=\"elementor-field elementor-size-sm  elementor-field-textual\" placeholder=\"Pr\u00e9nom *\" required=\"required\" aria-required=\"true\">\n\t\t\t\t\t\t\t\t\t\t\t<\/div>\n\t\t\t\t\t\t\t\t<div class=\"elementor-field-type-text elementor-field-group elementor-column elementor-field-group-field_d959eeb elementor-col-50 elementor-field-required\">\n\t\t\t\t\t\t\t\t\t\t\t\t\t<input size=\"1\" type=\"text\" name=\"form_fields[field_d959eeb]\" id=\"form-field-field_d959eeb\" class=\"elementor-field elementor-size-sm  elementor-field-textual\" placeholder=\"Nom *\" required=\"required\" aria-required=\"true\">\n\t\t\t\t\t\t\t\t\t\t\t<\/div>\n\t\t\t\t\t\t\t\t<div class=\"elementor-field-type-email elementor-field-group elementor-column elementor-field-group-email elementor-col-100 elementor-field-required\">\n\t\t\t\t\t\t\t\t\t\t\t\t\t<input size=\"1\" type=\"email\" name=\"form_fields[email]\" id=\"form-field-email\" class=\"elementor-field elementor-size-sm  elementor-field-textual\" placeholder=\"Email *\" required=\"required\" aria-required=\"true\">\n\t\t\t\t\t\t\t\t\t\t\t<\/div>\n\t\t\t\t\t\t\t\t<div class=\"elementor-field-type-tel elementor-field-group elementor-column elementor-field-group-field_dc3841c elementor-col-100 elementor-field-required\">\n\t\t\t\t\t\t\t<input size=\"1\" type=\"tel\" name=\"form_fields[field_dc3841c]\" id=\"form-field-field_dc3841c\" class=\"elementor-field elementor-size-sm  elementor-field-textual\" placeholder=\"Num\u00e9ro de t\u00e9l\u00e9phone *\" required=\"required\" aria-required=\"true\" pattern=\"[0-9()#&amp;+*-=.]+\" title=\"Only numbers and phone characters (#, -, *, etc) are accepted.\">\n\n\t\t\t\t\t\t<\/div>\n\t\t\t\t\t\t\t\t<div class=\"elementor-field-type-text elementor-field-group elementor-column elementor-field-group-field_5417372 elementor-col-50 elementor-field-required\">\n\t\t\t\t\t\t\t\t\t\t\t\t\t<input size=\"1\" type=\"text\" name=\"form_fields[field_5417372]\" id=\"form-field-field_5417372\" class=\"elementor-field elementor-size-sm  elementor-field-textual\" placeholder=\"Entreprise *\" required=\"required\" aria-required=\"true\">\n\t\t\t\t\t\t\t\t\t\t\t<\/div>\n\t\t\t\t\t\t\t\t<div class=\"elementor-field-type-text elementor-field-group elementor-column elementor-field-group-field_519d6e1 elementor-col-50 elementor-field-required\">\n\t\t\t\t\t\t\t\t\t\t\t\t\t<input size=\"1\" type=\"text\" name=\"form_fields[field_519d6e1]\" id=\"form-field-field_519d6e1\" class=\"elementor-field elementor-size-sm  elementor-field-textual\" placeholder=\"Industrie *\" required=\"required\" aria-required=\"true\">\n\t\t\t\t\t\t\t\t\t\t\t<\/div>\n\t\t\t\t\t\t\t\t<div class=\"elementor-field-type-text elementor-field-group elementor-column elementor-field-group-field_2c41e63 elementor-col-100 elementor-field-required\">\n\t\t\t\t\t\t\t\t\t\t\t\t\t<input size=\"1\" type=\"text\" name=\"form_fields[field_2c41e63]\" id=\"form-field-field_2c41e63\" class=\"elementor-field elementor-size-sm  elementor-field-textual\" placeholder=\"Pays *\" required=\"required\" aria-required=\"true\">\n\t\t\t\t\t\t\t\t\t\t\t<\/div>\n\t\t\t\t\t\t\t\t<div class=\"elementor-field-type-textarea elementor-field-group elementor-column elementor-field-group-message elementor-col-100\">\n\t\t\t\t\t<textarea class=\"elementor-field-textual elementor-field  elementor-size-sm\" name=\"form_fields[message]\" id=\"form-field-message\" rows=\"4\" placeholder=\"Message\"><\/textarea>\t\t\t\t<\/div>\n\t\t\t\t\t\t\t\t<div class=\"elementor-field-group elementor-column elementor-field-type-submit elementor-col-100 e-form__buttons\">\n\t\t\t\t\t<button type=\"submit\" class=\"elementor-button elementor-size-sm\">\n\t\t\t\t\t\t<span >\n\t\t\t\t\t\t\t\t\t\t\t\t\t\t\t<span class=\" elementor-button-icon\">\n\t\t\t\t\t\t\t\t\t\t\t\t\t\t\t\t\t\t\t\t\t\t\t\t\t\t<\/span>\n\t\t\t\t\t\t\t\t\t\t\t\t\t\t\t\t\t\t\t\t\t\t<span class=\"elementor-button-text\">Envoyer<\/span>\n\t\t\t\t\t\t\t\t\t\t\t\t\t<\/span>\n\t\t\t\t\t<\/button>\n\t\t\t\t<\/div>\n\t\t\t<\/div>\n\t\t<\/form>\n\t\t\t\t<\/div>\n\t\t\t\t<\/div>\n\t\t\t\t\t<\/div>\n\t\t<\/div>\n\t\t\t\t\t<\/div>\n\t\t<\/section>\n\t\t\t\t<\/div>\n\t\t","protected":false},"excerpt":{"rendered":"<p>Demandez une d\u00e9mo gratuite Un syst\u00e8me complet de gestion de cas pour vos besoins de conformit\u00e9 Nous sommes heureux de vous offrir une d\u00e9monstration de notre solution logicielle. Merci de partager vos coordonn\u00e9es ci-dessous. L&rsquo;un de nos experts prendra contact avec vous sous peu.<\/p>\n","protected":false},"author":6,"featured_media":0,"parent":0,"menu_order":0,"comment_status":"closed","ping_status":"closed","template":"elementor_header_footer","meta":{"footnotes":""},"class_list":["post-5646","page","type-page","status-publish","hentry"],"acf":[],"yoast_head":"<!-- This site is optimized with the Yoast SEO Premium plugin v22.4 (Yoast SEO v22.4) - https:\/\/yoast.com\/wordpress\/plugins\/seo\/ -->\n<title>Demandez une d\u00e9mo gratuite - Global Corruption &amp; ESG Indexes<\/title>\n<meta name=\"description\" content=\"Demandez une d\u00e9mo gratuite   Un syst\u00e8me complet de gestion de cas pour vos besoins de conformit\u00e9 Nous sommes heureux de vous offrir une d\u00e9monstration de notre solution logicielle. Merci de partager vos coordonn\u00e9es ci-dessous. L&#039;un de nos experts prendra contact avec vous sous peu.\" \/>\n<meta name=\"robots\" content=\"index, follow, max-snippet:-1, max-image-preview:large, max-video-preview:-1\" \/>\n<link rel=\"canonical\" href=\"https:\/\/risk-indexes.com\/fr\/demandez-une-demo-gratuite\/\" \/>\n<meta property=\"og:locale\" content=\"fr_FR\" \/>\n<meta property=\"og:type\" content=\"article\" \/>\n<meta property=\"og:title\" content=\"Demandez une d\u00e9mo gratuite - Global Corruption &amp; ESG Indexes\" \/>\n<meta property=\"og:description\" content=\"Demandez une d\u00e9mo gratuite   Un syst\u00e8me complet de gestion de cas pour vos besoins de conformit\u00e9 Nous sommes heureux de vous offrir une d\u00e9monstration de notre solution logicielle. Merci de partager vos coordonn\u00e9es ci-dessous. L&#039;un de nos experts prendra contact avec vous sous peu.\" \/>\n<meta property=\"og:url\" content=\"https:\/\/risk-indexes.com\/fr\/demandez-une-demo-gratuite\/\" \/>\n<meta property=\"og:site_name\" content=\"Global Corruption &amp; ESG Indexes\" \/>\n<meta name=\"twitter:card\" content=\"summary_large_image\" \/>\n<script type=\"application\/ld+json\" class=\"yoast-schema-graph\">{\"@context\":\"https:\/\/schema.org\",\"@graph\":[{\"@type\":\"WebPage\",\"@id\":\"https:\/\/risk-indexes.com\/fr\/demandez-une-demo-gratuite\/\",\"url\":\"https:\/\/risk-indexes.com\/fr\/demandez-une-demo-gratuite\/\",\"name\":\"Demandez une d\u00e9mo gratuite - Global Corruption &amp; ESG Indexes\",\"isPartOf\":{\"@id\":\"\/#website\"},\"datePublished\":\"2022-09-19T14:35:34+00:00\",\"dateModified\":\"2022-09-19T14:35:34+00:00\",\"description\":\"Demandez une d\u00e9mo gratuite Un syst\u00e8me complet de gestion de cas pour vos besoins de conformit\u00e9 Nous sommes heureux de vous offrir une d\u00e9monstration de notre solution logicielle. Merci de partager vos coordonn\u00e9es ci-dessous. L'un de nos experts prendra contact avec vous sous peu.\",\"inLanguage\":\"fr-FR\",\"potentialAction\":[{\"@type\":\"ReadAction\",\"target\":[\"https:\/\/risk-indexes.com\/fr\/demandez-une-demo-gratuite\/\"]}]},{\"@type\":\"WebSite\",\"@id\":\"\/#website\",\"url\":\"\/\",\"name\":\"Global Corruption &amp; ESG Indexes\",\"description\":\"Our Global Corruption &amp; ESG Indexes and Ratings are specifically aimed for risk management and compliance professionals and allow for effective risk mapping.\",\"publisher\":{\"@id\":\"\/#organization\"},\"potentialAction\":[{\"@type\":\"SearchAction\",\"target\":{\"@type\":\"EntryPoint\",\"urlTemplate\":\"\/?s={search_term_string}\"},\"query-input\":\"required name=search_term_string\"}],\"inLanguage\":\"fr-FR\"},{\"@type\":\"Organization\",\"@id\":\"\/#organization\",\"name\":\"Global Corruption &amp; ESG Indexes\",\"url\":\"\/\",\"logo\":{\"@type\":\"ImageObject\",\"inLanguage\":\"fr-FR\",\"@id\":\"\/#\/schema\/logo\/image\/\",\"url\":\"https:\/\/risk-indexes.com\/wp-content\/uploads\/2022\/06\/RWI_Logo_TransparentBackground_3.png\",\"contentUrl\":\"https:\/\/risk-indexes.com\/wp-content\/uploads\/2022\/06\/RWI_Logo_TransparentBackground_3.png\",\"width\":500,\"height\":339,\"caption\":\"Global Corruption &amp; ESG Indexes\"},\"image\":{\"@id\":\"\/#\/schema\/logo\/image\/\"}}]}<\/script>\n<!-- \/ Yoast SEO Premium plugin. -->","yoast_head_json":{"title":"Demandez une d\u00e9mo gratuite - Global Corruption &amp; ESG Indexes","description":"Demandez une d\u00e9mo gratuite   Un syst\u00e8me complet de gestion de cas pour vos besoins de conformit\u00e9 Nous sommes heureux de vous offrir une d\u00e9monstration de notre solution logicielle. Merci de partager vos coordonn\u00e9es ci-dessous. L'un de nos experts prendra contact avec vous sous peu.","robots":{"index":"index","follow":"follow","max-snippet":"max-snippet:-1","max-image-preview":"max-image-preview:large","max-video-preview":"max-video-preview:-1"},"canonical":"https:\/\/risk-indexes.com\/fr\/demandez-une-demo-gratuite\/","og_locale":"fr_FR","og_type":"article","og_title":"Demandez une d\u00e9mo gratuite - Global Corruption &amp; ESG Indexes","og_description":"Demandez une d\u00e9mo gratuite   Un syst\u00e8me complet de gestion de cas pour vos besoins de conformit\u00e9 Nous sommes heureux de vous offrir une d\u00e9monstration de notre solution logicielle. Merci de partager vos coordonn\u00e9es ci-dessous. L'un de nos experts prendra contact avec vous sous peu.","og_url":"https:\/\/risk-indexes.com\/fr\/demandez-une-demo-gratuite\/","og_site_name":"Global Corruption &amp; ESG Indexes","twitter_card":"summary_large_image","schema":{"@context":"https:\/\/schema.org","@graph":[{"@type":"WebPage","@id":"https:\/\/risk-indexes.com\/fr\/demandez-une-demo-gratuite\/","url":"https:\/\/risk-indexes.com\/fr\/demandez-une-demo-gratuite\/","name":"Demandez une d\u00e9mo gratuite - Global Corruption &amp; ESG Indexes","isPartOf":{"@id":"\/#website"},"datePublished":"2022-09-19T14:35:34+00:00","dateModified":"2022-09-19T14:35:34+00:00","description":"Demandez une d\u00e9mo gratuite Un syst\u00e8me complet de gestion de cas pour vos besoins de conformit\u00e9 Nous sommes heureux de vous offrir une d\u00e9monstration de notre solution logicielle. Merci de partager vos coordonn\u00e9es ci-dessous. L'un de nos experts prendra contact avec vous sous peu.","inLanguage":"fr-FR","potentialAction":[{"@type":"ReadAction","target":["https:\/\/risk-indexes.com\/fr\/demandez-une-demo-gratuite\/"]}]},{"@type":"WebSite","@id":"\/#website","url":"\/","name":"Global Corruption &amp; ESG Indexes","description":"Our Global Corruption &amp; ESG Indexes and Ratings are specifically aimed for risk management and compliance professionals and allow for effective risk mapping.","publisher":{"@id":"\/#organization"},"potentialAction":[{"@type":"SearchAction","target":{"@type":"EntryPoint","urlTemplate":"\/?s={search_term_string}"},"query-input":"required name=search_term_string"}],"inLanguage":"fr-FR"},{"@type":"Organization","@id":"\/#organization","name":"Global Corruption &amp; ESG Indexes","url":"\/","logo":{"@type":"ImageObject","inLanguage":"fr-FR","@id":"\/#\/schema\/logo\/image\/","url":"https:\/\/risk-indexes.com\/wp-content\/uploads\/2022\/06\/RWI_Logo_TransparentBackground_3.png","contentUrl":"https:\/\/risk-indexes.com\/wp-content\/uploads\/2022\/06\/RWI_Logo_TransparentBackground_3.png","width":500,"height":339,"caption":"Global Corruption &amp; ESG Indexes"},"image":{"@id":"\/#\/schema\/logo\/image\/"}}]}},"_links":{"self":[{"href":"https:\/\/risk-indexes.com\/fr\/wp-json\/wp\/v2\/pages\/5646","targetHints":{"allow":["GET"]}}],"collection":[{"href":"https:\/\/risk-indexes.com\/fr\/wp-json\/wp\/v2\/pages"}],"about":[{"href":"https:\/\/risk-indexes.com\/fr\/wp-json\/wp\/v2\/types\/page"}],"author":[{"embeddable":true,"href":"https:\/\/risk-indexes.com\/fr\/wp-json\/wp\/v2\/users\/6"}],"replies":[{"embeddable":true,"href":"https:\/\/risk-indexes.com\/fr\/wp-json\/wp\/v2\/comments?post=5646"}],"version-history":[{"count":0,"href":"https:\/\/risk-indexes.com\/fr\/wp-json\/wp\/v2\/pages\/5646\/revisions"}],"wp:attachment":[{"href":"https:\/\/risk-indexes.com\/fr\/wp-json\/wp\/v2\/media?parent=5646"}],"curies":[{"name":"wp","href":"https:\/\/api.w.org\/{rel}","templated":true}]}}