{"id":2230,"date":"2019-06-12T10:48:41","date_gmt":"2019-06-12T08:48:41","guid":{"rendered":"http:\/\/riskwatchinitiative.org\/carte-environnement\/"},"modified":"2022-09-15T17:39:53","modified_gmt":"2022-09-15T15:39:53","slug":"carte-environnement","status":"publish","type":"page","link":"https:\/\/risk-indexes.com\/fr\/carte-environnement\/","title":{"rendered":"Carte Environnement"},"content":{"rendered":"\t\t<div data-elementor-type=\"wp-post\" data-elementor-id=\"2230\" class=\"elementor elementor-2230 elementor-2012\" data-elementor-post-type=\"page\">\n\t\t\t\t\t\t<section class=\"elementor-section elementor-top-section elementor-element elementor-element-a3343dc elementor-section-content-middle elementor-section-boxed elementor-section-height-default elementor-section-height-default\" data-id=\"a3343dc\" data-element_type=\"section\">\n\t\t\t\t\t\t<div class=\"elementor-container elementor-column-gap-default\">\n\t\t\t\t\t<div class=\"elementor-column elementor-col-50 elementor-top-column elementor-element elementor-element-82ec80d\" data-id=\"82ec80d\" data-element_type=\"column\">\n\t\t\t<div class=\"elementor-widget-wrap elementor-element-populated\">\n\t\t\t\t\t\t<div class=\"elementor-element elementor-element-fd42c9b elementor-widget elementor-widget-heading\" data-id=\"fd42c9b\" data-element_type=\"widget\" data-widget_type=\"heading.default\">\n\t\t\t\t<div class=\"elementor-widget-container\">\n\t\t\t<h1 class=\"elementor-heading-title elementor-size-default\">Indice 2021 Environnement<\/h1>\t\t<\/div>\n\t\t\t\t<\/div>\n\t\t\t\t\t<\/div>\n\t\t<\/div>\n\t\t\t\t<div class=\"elementor-column elementor-col-50 elementor-top-column elementor-element elementor-element-4841ec6\" data-id=\"4841ec6\" data-element_type=\"column\">\n\t\t\t<div class=\"elementor-widget-wrap elementor-element-populated\">\n\t\t\t\t\t\t<div class=\"elementor-element elementor-element-3a8fed1 elementor-widget elementor-widget-text-editor\" data-id=\"3a8fed1\" data-element_type=\"widget\" data-widget_type=\"text-editor.default\">\n\t\t\t\t<div class=\"elementor-widget-container\">\n\t\t\t\t\t\t\tL&rsquo;indice Environnement couvre <span style=\"color: #00b571;\">191 pays et territoires<\/span>.\r\n\r\nLes r\u00e9sultats par pays sont pr\u00e9sent\u00e9s sur une \u00e9chelle allant de 0 \u00e0 100, avec 0 correspondant au risque minimum et 100 au risque le plus \u00e9lev\u00e9.\t\t\t\t\t\t<\/div>\n\t\t\t\t<\/div>\n\t\t\t\t\t<\/div>\n\t\t<\/div>\n\t\t\t\t\t<\/div>\n\t\t<\/section>\n\t\t\t\t<section class=\"elementor-section elementor-top-section elementor-element elementor-element-1406dd9 elementor-section-boxed elementor-section-height-default elementor-section-height-default\" data-id=\"1406dd9\" data-element_type=\"section\">\n\t\t\t\t\t\t<div class=\"elementor-container elementor-column-gap-default\">\n\t\t\t\t\t<div class=\"elementor-column elementor-col-100 elementor-top-column elementor-element elementor-element-0487b1f\" data-id=\"0487b1f\" data-element_type=\"column\">\n\t\t\t<div class=\"elementor-widget-wrap elementor-element-populated\">\n\t\t\t\t\t\t<div class=\"elementor-element elementor-element-fce5c5d elementor-widget elementor-widget-html\" data-id=\"fce5c5d\" data-element_type=\"widget\" data-widget_type=\"html.default\">\n\t\t\t\t<div class=\"elementor-widget-container\">\n\t\t\t<div class=\"infogram-embed\" data-id=\"4dbd0a35-2c62-48eb-84f3-f487b787a60d\" data-type=\"interactive\" data-title=\"Sous-indice Environnement 2018\"><\/div><script>!function(e,t,s,i){var n=\"InfogramEmbeds\",o=e.getElementsByTagName(\"script\")[0],d=\/^http:\/.test(e.location)?\"http:\":\"https:\";if(\/^\\\/{2}\/.test(i)&&(i=d+i),window[n]&&window[n].initialized)window[n].process&&window[n].process();else if(!e.getElementById(s)){var r=e.createElement(\"script\");r.async=1,r.id=s,r.src=i,o.parentNode.insertBefore(r,o)}}(document,0,\"infogram-async\",\"https:\/\/e.infogram.com\/js\/dist\/embed-loader-min.js\");<\/script>\t\t<\/div>\n\t\t\t\t<\/div>\n\t\t\t\t\t<\/div>\n\t\t<\/div>\n\t\t\t\t\t<\/div>\n\t\t<\/section>\n\t\t\t\t<\/div>\n\t\t","protected":false},"excerpt":{"rendered":"<p>Indice 2021 Environnement L&rsquo;indice Environnement couvre 191 pays et territoires. Les r\u00e9sultats par pays sont pr\u00e9sent\u00e9s sur une \u00e9chelle allant de 0 \u00e0 100, avec 0 correspondant au risque minimum et 100 au risque le plus \u00e9lev\u00e9.<\/p>\n","protected":false},"author":3,"featured_media":0,"parent":0,"menu_order":0,"comment_status":"closed","ping_status":"closed","template":"elementor_canvas","meta":{"footnotes":""},"class_list":["post-2230","page","type-page","status-publish","hentry"],"acf":[],"yoast_head":"<!-- This site is optimized with the Yoast SEO Premium plugin v22.4 (Yoast SEO v22.4) - https:\/\/yoast.com\/wordpress\/plugins\/seo\/ -->\n<title>Carte Environnement<\/title>\n<meta name=\"description\" content=\"Le sous-indice environnement apporte un aper\u00e7u des performances environementales par pays et fait partie int\u00e9grante de l\u2019indice ESG (Devoir de Vigilance)\" \/>\n<meta name=\"robots\" content=\"index, follow, max-snippet:-1, max-image-preview:large, max-video-preview:-1\" \/>\n<link rel=\"canonical\" href=\"http:\/\/risk-indexes.com\/fr\/carte-environnement\/\" \/>\n<meta property=\"og:locale\" content=\"fr_FR\" \/>\n<meta property=\"og:type\" content=\"article\" \/>\n<meta property=\"og:title\" content=\"Carte Environnement\" \/>\n<meta property=\"og:description\" content=\"Le sous-indice environnement apporte un aper\u00e7u des performances environementales par pays et fait partie int\u00e9grante de l\u2019indice ESG (Devoir de Vigilance)\" \/>\n<meta property=\"og:url\" content=\"http:\/\/risk-indexes.com\/fr\/carte-environnement\/\" \/>\n<meta property=\"og:site_name\" content=\"Global Corruption &amp; ESG Indexes\" \/>\n<meta property=\"article:modified_time\" content=\"2022-09-15T15:39:53+00:00\" \/>\n<meta name=\"twitter:card\" content=\"summary_large_image\" \/>\n<meta name=\"twitter:label1\" content=\"Dur\u00e9e de lecture estim\u00e9e\" \/>\n\t<meta name=\"twitter:data1\" content=\"1 minute\" \/>\n<script type=\"application\/ld+json\" class=\"yoast-schema-graph\">{\"@context\":\"https:\/\/schema.org\",\"@graph\":[{\"@type\":\"WebPage\",\"@id\":\"http:\/\/risk-indexes.com\/fr\/carte-environnement\/\",\"url\":\"http:\/\/risk-indexes.com\/fr\/carte-environnement\/\",\"name\":\"Carte Environnement\",\"isPartOf\":{\"@id\":\"\/#website\"},\"datePublished\":\"2019-06-12T08:48:41+00:00\",\"dateModified\":\"2022-09-15T15:39:53+00:00\",\"description\":\"Le sous-indice environnement apporte un aper\u00e7u des performances environementales par pays et fait partie int\u00e9grante de l\u2019indice ESG (Devoir de Vigilance)\",\"inLanguage\":\"fr-FR\",\"potentialAction\":[{\"@type\":\"ReadAction\",\"target\":[\"http:\/\/risk-indexes.com\/fr\/carte-environnement\/\"]}]},{\"@type\":\"WebSite\",\"@id\":\"\/#website\",\"url\":\"\/\",\"name\":\"Global Corruption &amp; ESG Indexes\",\"description\":\"Our Global Corruption &amp; ESG Indexes and Ratings are specifically aimed for risk management and compliance professionals and allow for effective risk mapping.\",\"publisher\":{\"@id\":\"\/#organization\"},\"potentialAction\":[{\"@type\":\"SearchAction\",\"target\":{\"@type\":\"EntryPoint\",\"urlTemplate\":\"\/?s={search_term_string}\"},\"query-input\":\"required name=search_term_string\"}],\"inLanguage\":\"fr-FR\"},{\"@type\":\"Organization\",\"@id\":\"\/#organization\",\"name\":\"Global Corruption &amp; ESG Indexes\",\"url\":\"\/\",\"logo\":{\"@type\":\"ImageObject\",\"inLanguage\":\"fr-FR\",\"@id\":\"\/#\/schema\/logo\/image\/\",\"url\":\"https:\/\/risk-indexes.com\/wp-content\/uploads\/2022\/06\/RWI_Logo_TransparentBackground_3.png\",\"contentUrl\":\"https:\/\/risk-indexes.com\/wp-content\/uploads\/2022\/06\/RWI_Logo_TransparentBackground_3.png\",\"width\":500,\"height\":339,\"caption\":\"Global Corruption &amp; ESG Indexes\"},\"image\":{\"@id\":\"\/#\/schema\/logo\/image\/\"}}]}<\/script>\n<!-- \/ Yoast SEO Premium plugin. -->","yoast_head_json":{"title":"Carte Environnement","description":"Le sous-indice environnement apporte un aper\u00e7u des performances environementales par pays et fait partie int\u00e9grante de l\u2019indice ESG (Devoir de Vigilance)","robots":{"index":"index","follow":"follow","max-snippet":"max-snippet:-1","max-image-preview":"max-image-preview:large","max-video-preview":"max-video-preview:-1"},"canonical":"http:\/\/risk-indexes.com\/fr\/carte-environnement\/","og_locale":"fr_FR","og_type":"article","og_title":"Carte Environnement","og_description":"Le sous-indice environnement apporte un aper\u00e7u des performances environementales par pays et fait partie int\u00e9grante de l\u2019indice ESG (Devoir de Vigilance)","og_url":"http:\/\/risk-indexes.com\/fr\/carte-environnement\/","og_site_name":"Global Corruption &amp; ESG Indexes","article_modified_time":"2022-09-15T15:39:53+00:00","twitter_card":"summary_large_image","twitter_misc":{"Dur\u00e9e de lecture estim\u00e9e":"1 minute"},"schema":{"@context":"https:\/\/schema.org","@graph":[{"@type":"WebPage","@id":"http:\/\/risk-indexes.com\/fr\/carte-environnement\/","url":"http:\/\/risk-indexes.com\/fr\/carte-environnement\/","name":"Carte Environnement","isPartOf":{"@id":"\/#website"},"datePublished":"2019-06-12T08:48:41+00:00","dateModified":"2022-09-15T15:39:53+00:00","description":"Le sous-indice environnement apporte un aper\u00e7u des performances environementales par pays et fait partie int\u00e9grante de l\u2019indice ESG (Devoir de Vigilance)","inLanguage":"fr-FR","potentialAction":[{"@type":"ReadAction","target":["http:\/\/risk-indexes.com\/fr\/carte-environnement\/"]}]},{"@type":"WebSite","@id":"\/#website","url":"\/","name":"Global Corruption &amp; ESG Indexes","description":"Our Global Corruption &amp; ESG Indexes and Ratings are specifically aimed for risk management and compliance professionals and allow for effective risk mapping.","publisher":{"@id":"\/#organization"},"potentialAction":[{"@type":"SearchAction","target":{"@type":"EntryPoint","urlTemplate":"\/?s={search_term_string}"},"query-input":"required name=search_term_string"}],"inLanguage":"fr-FR"},{"@type":"Organization","@id":"\/#organization","name":"Global Corruption &amp; ESG Indexes","url":"\/","logo":{"@type":"ImageObject","inLanguage":"fr-FR","@id":"\/#\/schema\/logo\/image\/","url":"https:\/\/risk-indexes.com\/wp-content\/uploads\/2022\/06\/RWI_Logo_TransparentBackground_3.png","contentUrl":"https:\/\/risk-indexes.com\/wp-content\/uploads\/2022\/06\/RWI_Logo_TransparentBackground_3.png","width":500,"height":339,"caption":"Global Corruption &amp; ESG Indexes"},"image":{"@id":"\/#\/schema\/logo\/image\/"}}]}},"_links":{"self":[{"href":"https:\/\/risk-indexes.com\/fr\/wp-json\/wp\/v2\/pages\/2230","targetHints":{"allow":["GET"]}}],"collection":[{"href":"https:\/\/risk-indexes.com\/fr\/wp-json\/wp\/v2\/pages"}],"about":[{"href":"https:\/\/risk-indexes.com\/fr\/wp-json\/wp\/v2\/types\/page"}],"author":[{"embeddable":true,"href":"https:\/\/risk-indexes.com\/fr\/wp-json\/wp\/v2\/users\/3"}],"replies":[{"embeddable":true,"href":"https:\/\/risk-indexes.com\/fr\/wp-json\/wp\/v2\/comments?post=2230"}],"version-history":[{"count":0,"href":"https:\/\/risk-indexes.com\/fr\/wp-json\/wp\/v2\/pages\/2230\/revisions"}],"wp:attachment":[{"href":"https:\/\/risk-indexes.com\/fr\/wp-json\/wp\/v2\/media?parent=2230"}],"curies":[{"name":"wp","href":"https:\/\/api.w.org\/{rel}","templated":true}]}}