{"id":2220,"date":"2019-06-12T10:16:19","date_gmt":"2019-06-12T08:16:19","guid":{"rendered":"http:\/\/riskwatchinitiative.org\/contactez-nous\/"},"modified":"2024-09-16T18:33:13","modified_gmt":"2024-09-16T16:33:13","slug":"contactez-nous","status":"publish","type":"page","link":"https:\/\/risk-indexes.com\/fr\/contactez-nous\/","title":{"rendered":"A Propos"},"content":{"rendered":"\t\t<div data-elementor-type=\"wp-post\" data-elementor-id=\"2220\" class=\"elementor elementor-2220 elementor-42\" data-elementor-post-type=\"page\">\n\t\t\t\t\t\t<section class=\"elementor-section elementor-top-section elementor-element elementor-element-7cfd807 elementor-section-boxed elementor-section-height-default elementor-section-height-default\" data-id=\"7cfd807\" data-element_type=\"section\">\n\t\t\t\t\t\t<div class=\"elementor-container elementor-column-gap-default\">\n\t\t\t\t\t<div class=\"elementor-column elementor-col-100 elementor-top-column elementor-element elementor-element-95403d4\" data-id=\"95403d4\" data-element_type=\"column\">\n\t\t\t<div class=\"elementor-widget-wrap elementor-element-populated\">\n\t\t\t\t\t\t<div class=\"elementor-element elementor-element-5e54bb3 elementor-widget elementor-widget-image\" data-id=\"5e54bb3\" data-element_type=\"widget\" data-widget_type=\"image.default\">\n\t\t\t\t<div class=\"elementor-widget-container\">\n\t\t\t\t\t\t\t\t\t\t\t\t\t<img fetchpriority=\"high\" decoding=\"async\" width=\"300\" height=\"300\" src=\"https:\/\/risk-indexes.com\/wp-content\/uploads\/2024\/09\/RWI_Logo_TransparentBackground-300x300.png\" class=\"attachment-medium size-medium wp-image-21902\" alt=\"\" srcset=\"https:\/\/risk-indexes.com\/wp-content\/uploads\/2024\/09\/RWI_Logo_TransparentBackground-300x300.png 300w, https:\/\/risk-indexes.com\/wp-content\/uploads\/2024\/09\/RWI_Logo_TransparentBackground-150x150.png 150w, https:\/\/risk-indexes.com\/wp-content\/uploads\/2024\/09\/RWI_Logo_TransparentBackground-100x100.png 100w, https:\/\/risk-indexes.com\/wp-content\/uploads\/2024\/09\/RWI_Logo_TransparentBackground.png 500w\" sizes=\"(max-width: 300px) 100vw, 300px\" \/>\t\t\t\t\t\t\t\t\t\t\t\t\t<\/div>\n\t\t\t\t<\/div>\n\t\t\t\t\t<\/div>\n\t\t<\/div>\n\t\t\t\t\t<\/div>\n\t\t<\/section>\n\t\t\t\t<section class=\"elementor-section elementor-top-section elementor-element elementor-element-bb3175d elementor-section-boxed elementor-section-height-default elementor-section-height-default\" data-id=\"bb3175d\" data-element_type=\"section\">\n\t\t\t\t\t\t<div class=\"elementor-container elementor-column-gap-default\">\n\t\t\t\t\t<div class=\"elementor-column elementor-col-100 elementor-top-column elementor-element elementor-element-9a4901f\" data-id=\"9a4901f\" data-element_type=\"column\">\n\t\t\t<div class=\"elementor-widget-wrap elementor-element-populated\">\n\t\t\t\t\t\t<div class=\"elementor-element elementor-element-374b928 elementor-widget elementor-widget-text-editor\" data-id=\"374b928\" data-element_type=\"widget\" data-widget_type=\"text-editor.default\">\n\t\t\t\t<div class=\"elementor-widget-container\">\n\t\t\t\t\t\t\t<p><strong>Risk-Indexes est d\u00e9sormais g\u00e9r\u00e9 par Risk Watch Initiative<\/strong>, une association \u00e0 but non lucratif nouvellement cr\u00e9\u00e9e en septembre 2024, afin de continuer \u00e0 vous offrir des analyses et des solutions fiables dans les domaines de l&rsquo;\u00e9thique, de la conformit\u00e9 et de la gestion des risques. S&rsquo;appuyant sur l&rsquo;expertise d\u00e9velopp\u00e9e depuis 2009, notre mission est de servir la communaut\u00e9 en fournissant des ressources transparentes, accessibles et compl\u00e8tes pour la gestion des risques li\u00e9s aux tiers.<\/p>\n<p>En tant qu&rsquo;organisation \u00e0 but non lucratif, nous nous engageons \u00e0 soutenir la prise de d\u00e9cision \u00e9thique et \u00e0 promouvoir la transparence dans tous les secteurs.<\/p>\n<p>Le <strong>Global Corruption Index<\/strong> et l&rsquo;<strong>ESG Index<\/strong> refl\u00e8tent notre accent renforc\u00e9 sur le d\u00e9veloppement d&rsquo;outils complets, fiables et accessibles, destin\u00e9s aussi bien \u00e0 un usage priv\u00e9 que public, pour lutter contre la fraude, la corruption et les probl\u00e9matiques li\u00e9es \u00e0 l&rsquo;Environnement, au Social et \u00e0 la Gouvernance (ESG).<\/p>\n<p>N&rsquo;h\u00e9sitez pas \u00e0 nous contacter pour toute question ou pour en savoir plus sur la mani\u00e8re dont nos ressources peuvent soutenir votre organisation.<\/p>\n\t\t\t\t\t\t<\/div>\n\t\t\t\t<\/div>\n\t\t\t\t\t<\/div>\n\t\t<\/div>\n\t\t\t\t\t<\/div>\n\t\t<\/section>\n\t\t\t\t<section class=\"elementor-section elementor-top-section elementor-element elementor-element-7208ef3 elementor-section-boxed elementor-section-height-default elementor-section-height-default\" data-id=\"7208ef3\" data-element_type=\"section\">\n\t\t\t\t\t\t<div class=\"elementor-container elementor-column-gap-default\">\n\t\t\t\t\t<div class=\"elementor-column elementor-col-100 elementor-top-column elementor-element elementor-element-fcdc84c\" data-id=\"fcdc84c\" data-element_type=\"column\">\n\t\t\t<div class=\"elementor-widget-wrap elementor-element-populated\">\n\t\t\t\t\t\t<div class=\"elementor-element elementor-element-cf37fad elementor-widget elementor-widget-spacer\" data-id=\"cf37fad\" data-element_type=\"widget\" data-widget_type=\"spacer.default\">\n\t\t\t\t<div class=\"elementor-widget-container\">\n\t\t\t\t\t<div class=\"elementor-spacer\">\n\t\t\t<div class=\"elementor-spacer-inner\"><\/div>\n\t\t<\/div>\n\t\t\t\t<\/div>\n\t\t\t\t<\/div>\n\t\t\t\t\t<\/div>\n\t\t<\/div>\n\t\t\t\t\t<\/div>\n\t\t<\/section>\n\t\t\t\t<section class=\"elementor-section elementor-top-section elementor-element elementor-element-947b15b elementor-section-boxed elementor-section-height-default elementor-section-height-default\" data-id=\"947b15b\" data-element_type=\"section\">\n\t\t\t\t\t\t<div class=\"elementor-container elementor-column-gap-default\">\n\t\t\t\t\t<div class=\"elementor-column elementor-col-100 elementor-top-column elementor-element elementor-element-7d3df7e\" data-id=\"7d3df7e\" data-element_type=\"column\">\n\t\t\t<div class=\"elementor-widget-wrap elementor-element-populated\">\n\t\t\t\t\t\t<div class=\"elementor-element elementor-element-eca2ebb elementor-widget elementor-widget-text-editor\" data-id=\"eca2ebb\" data-element_type=\"widget\" data-widget_type=\"text-editor.default\">\n\t\t\t\t<div class=\"elementor-widget-container\">\n\t\t\t\t\t\t\t<p>Nos indices et les diff\u00e9rentes mani\u00e8res de les utiliser vous int\u00e9ressent? Vous souhaitez en savoir plus sur nos projets en cours ou sur un service sp\u00e9cifique?<\/p>\n<p><strong>Contactez-nous \u00e0 l\u2019aide du formulaire ci-dessous !<\/strong><\/p>\n\t\t\t\t\t\t<\/div>\n\t\t\t\t<\/div>\n\t\t\t\t\t<\/div>\n\t\t<\/div>\n\t\t\t\t\t<\/div>\n\t\t<\/section>\n\t\t\t\t<section class=\"elementor-section elementor-top-section elementor-element elementor-element-c8e73f5 elementor-section-boxed elementor-section-height-default elementor-section-height-default\" data-id=\"c8e73f5\" data-element_type=\"section\">\n\t\t\t\t\t\t<div class=\"elementor-container elementor-column-gap-default\">\n\t\t\t\t\t<div class=\"elementor-column elementor-col-16 elementor-top-column elementor-element elementor-element-a0ee0c1\" data-id=\"a0ee0c1\" data-element_type=\"column\">\n\t\t\t<div class=\"elementor-widget-wrap\">\n\t\t\t\t\t\t\t<\/div>\n\t\t<\/div>\n\t\t\t\t<div class=\"elementor-column elementor-col-66 elementor-top-column elementor-element elementor-element-3120159\" data-id=\"3120159\" data-element_type=\"column\">\n\t\t\t<div class=\"elementor-widget-wrap elementor-element-populated\">\n\t\t\t\t\t\t<div class=\"elementor-element elementor-element-c13ecae elementor-button-align-stretch elementor-widget elementor-widget-form\" data-id=\"c13ecae\" data-element_type=\"widget\" data-settings=\"{&quot;step_next_label&quot;:&quot;Suivant&quot;,&quot;step_previous_label&quot;:&quot;Pr\\u00e9c\\u00e9dent&quot;,&quot;button_width&quot;:&quot;100&quot;,&quot;step_type&quot;:&quot;number_text&quot;,&quot;step_icon_shape&quot;:&quot;circle&quot;}\" data-widget_type=\"form.default\">\n\t\t\t\t<div class=\"elementor-widget-container\">\n\t\t\t\t\t<form class=\"elementor-form\" method=\"post\" name=\"Contactez-nous\">\n\t\t\t<input type=\"hidden\" name=\"post_id\" value=\"2220\"\/>\n\t\t\t<input type=\"hidden\" name=\"form_id\" value=\"c13ecae\"\/>\n\t\t\t<input type=\"hidden\" name=\"referer_title\" value=\"Global Corruption &amp; ESG Indexes\" \/>\n\n\t\t\t\n\t\t\t<div class=\"elementor-form-fields-wrapper elementor-labels-above\">\n\t\t\t\t\t\t\t\t<div class=\"elementor-field-type-text elementor-field-group elementor-column elementor-field-group-name elementor-col-33 elementor-field-required\">\n\t\t\t\t\t\t\t\t\t\t\t\t<label for=\"form-field-name\" class=\"elementor-field-label\">\n\t\t\t\t\t\t\t\tPr\u00e9nom\t\t\t\t\t\t\t<\/label>\n\t\t\t\t\t\t\t\t\t\t\t\t\t\t<input size=\"1\" type=\"text\" name=\"form_fields[name]\" id=\"form-field-name\" class=\"elementor-field elementor-size-sm  elementor-field-textual\" required=\"required\" aria-required=\"true\">\n\t\t\t\t\t\t\t\t\t\t\t<\/div>\n\t\t\t\t\t\t\t\t<div class=\"elementor-field-type-text elementor-field-group elementor-column elementor-field-group-field_1 elementor-col-33 elementor-field-required\">\n\t\t\t\t\t\t\t\t\t\t\t\t<label for=\"form-field-field_1\" class=\"elementor-field-label\">\n\t\t\t\t\t\t\t\tNom\t\t\t\t\t\t\t<\/label>\n\t\t\t\t\t\t\t\t\t\t\t\t\t\t<input size=\"1\" type=\"text\" name=\"form_fields[field_1]\" id=\"form-field-field_1\" class=\"elementor-field elementor-size-sm  elementor-field-textual\" required=\"required\" aria-required=\"true\">\n\t\t\t\t\t\t\t\t\t\t\t<\/div>\n\t\t\t\t\t\t\t\t<div class=\"elementor-field-type-text elementor-field-group elementor-column elementor-field-group-field_2 elementor-col-33 elementor-field-required\">\n\t\t\t\t\t\t\t\t\t\t\t\t<label for=\"form-field-field_2\" class=\"elementor-field-label\">\n\t\t\t\t\t\t\t\tEntreprise\t\t\t\t\t\t\t<\/label>\n\t\t\t\t\t\t\t\t\t\t\t\t\t\t<input size=\"1\" type=\"text\" name=\"form_fields[field_2]\" id=\"form-field-field_2\" class=\"elementor-field elementor-size-sm  elementor-field-textual\" required=\"required\" aria-required=\"true\">\n\t\t\t\t\t\t\t\t\t\t\t<\/div>\n\t\t\t\t\t\t\t\t<div class=\"elementor-field-type-tel elementor-field-group elementor-column elementor-field-group-email elementor-col-50 elementor-field-required\">\n\t\t\t\t\t\t\t\t\t\t\t\t<label for=\"form-field-email\" class=\"elementor-field-label\">\n\t\t\t\t\t\t\t\tNum\u00e9ro de T\u00e9l\u00e9phone\t\t\t\t\t\t\t<\/label>\n\t\t\t\t\t\t\t\t<input size=\"1\" type=\"tel\" name=\"form_fields[email]\" id=\"form-field-email\" class=\"elementor-field elementor-size-sm  elementor-field-textual\" required=\"required\" aria-required=\"true\" pattern=\"[0-9()#&amp;+*-=.]+\" title=\"Only numbers and phone characters (#, -, *, etc) are accepted.\">\n\n\t\t\t\t\t\t<\/div>\n\t\t\t\t\t\t\t\t<div class=\"elementor-field-type-email elementor-field-group elementor-column elementor-field-group-field_3 elementor-col-50 elementor-field-required\">\n\t\t\t\t\t\t\t\t\t\t\t\t<label for=\"form-field-field_3\" class=\"elementor-field-label\">\n\t\t\t\t\t\t\t\tEmail\t\t\t\t\t\t\t<\/label>\n\t\t\t\t\t\t\t\t\t\t\t\t\t\t<input size=\"1\" type=\"email\" name=\"form_fields[field_3]\" id=\"form-field-field_3\" class=\"elementor-field elementor-size-sm  elementor-field-textual\" required=\"required\" aria-required=\"true\">\n\t\t\t\t\t\t\t\t\t\t\t<\/div>\n\t\t\t\t\t\t\t\t<div class=\"elementor-field-type-textarea elementor-field-group elementor-column elementor-field-group-message elementor-col-100\">\n\t\t\t\t\t\t\t\t\t\t\t\t<label for=\"form-field-message\" class=\"elementor-field-label\">\n\t\t\t\t\t\t\t\tCommentaires\t\t\t\t\t\t\t<\/label>\n\t\t\t\t\t\t<textarea class=\"elementor-field-textual elementor-field  elementor-size-sm\" name=\"form_fields[message]\" id=\"form-field-message\" rows=\"4\"><\/textarea>\t\t\t\t<\/div>\n\t\t\t\t\t\t\t\t<div class=\"elementor-field-type-checkbox elementor-field-group elementor-column elementor-field-group-field_4 elementor-col-100\">\n\t\t\t\t\t\t\t\t\t\t\t\t<label for=\"form-field-field_4\" class=\"elementor-field-label\">\n\t\t\t\t\t\t\t\tInt\u00e9ress\u00e9 par:\t\t\t\t\t\t\t<\/label>\n\t\t\t\t\t\t<div class=\"elementor-field-subgroup  elementor-subgroup-inline\"><span class=\"elementor-field-option\"><input type=\"checkbox\" value=\"Indice Global de Corruption\" id=\"form-field-field_4-0\" name=\"form_fields[field_4][]\"> <label for=\"form-field-field_4-0\">Indice Global de Corruption<\/label><\/span><span class=\"elementor-field-option\"><input type=\"checkbox\" value=\"Indice ESG\" id=\"form-field-field_4-1\" name=\"form_fields[field_4][]\"> <label for=\"form-field-field_4-1\">Indice ESG<\/label><\/span><span class=\"elementor-field-option\"><input type=\"checkbox\" value=\"Autres\" id=\"form-field-field_4-2\" name=\"form_fields[field_4][]\"> <label for=\"form-field-field_4-2\">Autres<\/label><\/span><\/div>\t\t\t\t<\/div>\n\t\t\t\t\t\t\t\t<div class=\"elementor-field-type-recaptcha elementor-field-group elementor-column elementor-field-group-field_5 elementor-col-100\">\n\t\t\t\t\t<div class=\"elementor-field\" id=\"form-field-field_5\"><div class=\"elementor-g-recaptcha\" data-sitekey=\"6Ldos6QUAAAAAB_jB0QafzVOlLeNqrqpKVtao2Fz\" data-type=\"v2_checkbox\" data-theme=\"light\" data-size=\"normal\"><\/div><\/div>\t\t\t\t<\/div>\n\t\t\t\t\t\t\t\t<div class=\"elementor-field-group elementor-column elementor-field-type-submit elementor-col-100 e-form__buttons\">\n\t\t\t\t\t<button type=\"submit\" class=\"elementor-button elementor-size-sm\">\n\t\t\t\t\t\t<span >\n\t\t\t\t\t\t\t\t\t\t\t\t\t\t\t<span class=\" elementor-button-icon\">\n\t\t\t\t\t\t\t\t\t\t\t\t\t\t\t\t\t\t\t\t\t\t\t\t\t\t<\/span>\n\t\t\t\t\t\t\t\t\t\t\t\t\t\t\t\t\t\t\t\t\t\t<span class=\"elementor-button-text\">Envoyer<\/span>\n\t\t\t\t\t\t\t\t\t\t\t\t\t<\/span>\n\t\t\t\t\t<\/button>\n\t\t\t\t<\/div>\n\t\t\t<\/div>\n\t\t<\/form>\n\t\t\t\t<\/div>\n\t\t\t\t<\/div>\n\t\t\t\t\t<\/div>\n\t\t<\/div>\n\t\t\t\t<div class=\"elementor-column elementor-col-16 elementor-top-column elementor-element elementor-element-21c1b46\" data-id=\"21c1b46\" data-element_type=\"column\">\n\t\t\t<div class=\"elementor-widget-wrap\">\n\t\t\t\t\t\t\t<\/div>\n\t\t<\/div>\n\t\t\t\t\t<\/div>\n\t\t<\/section>\n\t\t\t\t<\/div>\n\t\t","protected":false},"excerpt":{"rendered":"<p>Risk-Indexes est d\u00e9sormais g\u00e9r\u00e9 par Risk Watch Initiative, une association \u00e0 but non lucratif nouvellement cr\u00e9\u00e9e en septembre 2024, afin de continuer \u00e0 vous offrir des analyses et des solutions fiables dans les domaines de l&rsquo;\u00e9thique, de la conformit\u00e9 et de la gestion des risques. S&rsquo;appuyant sur l&rsquo;expertise d\u00e9velopp\u00e9e depuis 2009, notre mission est de [&hellip;]<\/p>\n","protected":false},"author":3,"featured_media":21885,"parent":0,"menu_order":0,"comment_status":"closed","ping_status":"closed","template":"elementor_header_footer","meta":{"footnotes":""},"class_list":["post-2220","page","type-page","status-publish","has-post-thumbnail","hentry"],"acf":[],"yoast_head":"<!-- This site is optimized with the Yoast SEO Premium plugin v22.4 (Yoast SEO v22.4) - https:\/\/yoast.com\/wordpress\/plugins\/seo\/ -->\n<title>Contactez-nous<\/title>\n<meta name=\"description\" content=\"Risk Watch Initiative est une association suisse \u00e0 but non lucratif.\" \/>\n<meta name=\"robots\" content=\"index, follow, max-snippet:-1, max-image-preview:large, max-video-preview:-1\" \/>\n<link rel=\"canonical\" href=\"http:\/\/risk-indexes.com\/fr\/contactez-nous\/\" \/>\n<meta property=\"og:locale\" content=\"fr_FR\" \/>\n<meta property=\"og:type\" content=\"article\" \/>\n<meta property=\"og:title\" content=\"Contactez-nous\" \/>\n<meta property=\"og:description\" content=\"Risk Watch Initiative est une association suisse \u00e0 but non lucratif.\" \/>\n<meta property=\"og:url\" content=\"http:\/\/risk-indexes.com\/fr\/contactez-nous\/\" \/>\n<meta property=\"og:site_name\" content=\"Global Corruption &amp; ESG Indexes\" \/>\n<meta property=\"article:modified_time\" content=\"2024-09-16T16:33:13+00:00\" \/>\n<meta property=\"og:image\" content=\"http:\/\/risk-indexes.com\/wp-content\/uploads\/2024\/09\/RWI_Logo_WhiteBackground.png\" \/>\n\t<meta property=\"og:image:width\" content=\"500\" \/>\n\t<meta property=\"og:image:height\" content=\"500\" \/>\n\t<meta property=\"og:image:type\" content=\"image\/png\" \/>\n<meta name=\"twitter:card\" content=\"summary_large_image\" \/>\n<meta name=\"twitter:label1\" content=\"Dur\u00e9e de lecture estim\u00e9e\" \/>\n\t<meta name=\"twitter:data1\" content=\"2 minutes\" \/>\n<script type=\"application\/ld+json\" class=\"yoast-schema-graph\">{\"@context\":\"https:\/\/schema.org\",\"@graph\":[{\"@type\":\"WebPage\",\"@id\":\"http:\/\/risk-indexes.com\/fr\/contactez-nous\/\",\"url\":\"http:\/\/risk-indexes.com\/fr\/contactez-nous\/\",\"name\":\"Contactez-nous\",\"isPartOf\":{\"@id\":\"\/#website\"},\"primaryImageOfPage\":{\"@id\":\"http:\/\/risk-indexes.com\/fr\/contactez-nous\/#primaryimage\"},\"image\":{\"@id\":\"http:\/\/risk-indexes.com\/fr\/contactez-nous\/#primaryimage\"},\"thumbnailUrl\":\"https:\/\/risk-indexes.com\/wp-content\/uploads\/2024\/09\/RWI_Logo_WhiteBackground.png\",\"datePublished\":\"2019-06-12T08:16:19+00:00\",\"dateModified\":\"2024-09-16T16:33:13+00:00\",\"description\":\"Risk Watch Initiative est une association suisse \u00e0 but non lucratif.\",\"inLanguage\":\"fr-FR\",\"potentialAction\":[{\"@type\":\"ReadAction\",\"target\":[\"http:\/\/risk-indexes.com\/fr\/contactez-nous\/\"]}]},{\"@type\":\"ImageObject\",\"inLanguage\":\"fr-FR\",\"@id\":\"http:\/\/risk-indexes.com\/fr\/contactez-nous\/#primaryimage\",\"url\":\"https:\/\/risk-indexes.com\/wp-content\/uploads\/2024\/09\/RWI_Logo_WhiteBackground.png\",\"contentUrl\":\"https:\/\/risk-indexes.com\/wp-content\/uploads\/2024\/09\/RWI_Logo_WhiteBackground.png\",\"width\":500,\"height\":500},{\"@type\":\"WebSite\",\"@id\":\"\/#website\",\"url\":\"\/\",\"name\":\"Global Corruption &amp; ESG Indexes\",\"description\":\"Our Global Corruption &amp; ESG Indexes and Ratings are specifically aimed for risk management and compliance professionals and allow for effective risk mapping.\",\"publisher\":{\"@id\":\"\/#organization\"},\"potentialAction\":[{\"@type\":\"SearchAction\",\"target\":{\"@type\":\"EntryPoint\",\"urlTemplate\":\"\/?s={search_term_string}\"},\"query-input\":\"required name=search_term_string\"}],\"inLanguage\":\"fr-FR\"},{\"@type\":\"Organization\",\"@id\":\"\/#organization\",\"name\":\"Global Corruption &amp; ESG Indexes\",\"url\":\"\/\",\"logo\":{\"@type\":\"ImageObject\",\"inLanguage\":\"fr-FR\",\"@id\":\"\/#\/schema\/logo\/image\/\",\"url\":\"https:\/\/risk-indexes.com\/wp-content\/uploads\/2022\/06\/RWI_Logo_TransparentBackground_3.png\",\"contentUrl\":\"https:\/\/risk-indexes.com\/wp-content\/uploads\/2022\/06\/RWI_Logo_TransparentBackground_3.png\",\"width\":500,\"height\":339,\"caption\":\"Global Corruption &amp; ESG Indexes\"},\"image\":{\"@id\":\"\/#\/schema\/logo\/image\/\"}}]}<\/script>\n<!-- \/ Yoast SEO Premium plugin. -->","yoast_head_json":{"title":"Contactez-nous","description":"Risk Watch Initiative est une association suisse \u00e0 but non lucratif.","robots":{"index":"index","follow":"follow","max-snippet":"max-snippet:-1","max-image-preview":"max-image-preview:large","max-video-preview":"max-video-preview:-1"},"canonical":"http:\/\/risk-indexes.com\/fr\/contactez-nous\/","og_locale":"fr_FR","og_type":"article","og_title":"Contactez-nous","og_description":"Risk Watch Initiative est une association suisse \u00e0 but non lucratif.","og_url":"http:\/\/risk-indexes.com\/fr\/contactez-nous\/","og_site_name":"Global Corruption &amp; ESG Indexes","article_modified_time":"2024-09-16T16:33:13+00:00","og_image":[{"width":500,"height":500,"url":"http:\/\/risk-indexes.com\/wp-content\/uploads\/2024\/09\/RWI_Logo_WhiteBackground.png","type":"image\/png"}],"twitter_card":"summary_large_image","twitter_misc":{"Dur\u00e9e de lecture estim\u00e9e":"2 minutes"},"schema":{"@context":"https:\/\/schema.org","@graph":[{"@type":"WebPage","@id":"http:\/\/risk-indexes.com\/fr\/contactez-nous\/","url":"http:\/\/risk-indexes.com\/fr\/contactez-nous\/","name":"Contactez-nous","isPartOf":{"@id":"\/#website"},"primaryImageOfPage":{"@id":"http:\/\/risk-indexes.com\/fr\/contactez-nous\/#primaryimage"},"image":{"@id":"http:\/\/risk-indexes.com\/fr\/contactez-nous\/#primaryimage"},"thumbnailUrl":"https:\/\/risk-indexes.com\/wp-content\/uploads\/2024\/09\/RWI_Logo_WhiteBackground.png","datePublished":"2019-06-12T08:16:19+00:00","dateModified":"2024-09-16T16:33:13+00:00","description":"Risk Watch Initiative est une association suisse \u00e0 but non lucratif.","inLanguage":"fr-FR","potentialAction":[{"@type":"ReadAction","target":["http:\/\/risk-indexes.com\/fr\/contactez-nous\/"]}]},{"@type":"ImageObject","inLanguage":"fr-FR","@id":"http:\/\/risk-indexes.com\/fr\/contactez-nous\/#primaryimage","url":"https:\/\/risk-indexes.com\/wp-content\/uploads\/2024\/09\/RWI_Logo_WhiteBackground.png","contentUrl":"https:\/\/risk-indexes.com\/wp-content\/uploads\/2024\/09\/RWI_Logo_WhiteBackground.png","width":500,"height":500},{"@type":"WebSite","@id":"\/#website","url":"\/","name":"Global Corruption &amp; ESG Indexes","description":"Our Global Corruption &amp; ESG Indexes and Ratings are specifically aimed for risk management and compliance professionals and allow for effective risk mapping.","publisher":{"@id":"\/#organization"},"potentialAction":[{"@type":"SearchAction","target":{"@type":"EntryPoint","urlTemplate":"\/?s={search_term_string}"},"query-input":"required name=search_term_string"}],"inLanguage":"fr-FR"},{"@type":"Organization","@id":"\/#organization","name":"Global Corruption &amp; ESG Indexes","url":"\/","logo":{"@type":"ImageObject","inLanguage":"fr-FR","@id":"\/#\/schema\/logo\/image\/","url":"https:\/\/risk-indexes.com\/wp-content\/uploads\/2022\/06\/RWI_Logo_TransparentBackground_3.png","contentUrl":"https:\/\/risk-indexes.com\/wp-content\/uploads\/2022\/06\/RWI_Logo_TransparentBackground_3.png","width":500,"height":339,"caption":"Global Corruption &amp; ESG Indexes"},"image":{"@id":"\/#\/schema\/logo\/image\/"}}]}},"_links":{"self":[{"href":"https:\/\/risk-indexes.com\/fr\/wp-json\/wp\/v2\/pages\/2220","targetHints":{"allow":["GET"]}}],"collection":[{"href":"https:\/\/risk-indexes.com\/fr\/wp-json\/wp\/v2\/pages"}],"about":[{"href":"https:\/\/risk-indexes.com\/fr\/wp-json\/wp\/v2\/types\/page"}],"author":[{"embeddable":true,"href":"https:\/\/risk-indexes.com\/fr\/wp-json\/wp\/v2\/users\/3"}],"replies":[{"embeddable":true,"href":"https:\/\/risk-indexes.com\/fr\/wp-json\/wp\/v2\/comments?post=2220"}],"version-history":[{"count":0,"href":"https:\/\/risk-indexes.com\/fr\/wp-json\/wp\/v2\/pages\/2220\/revisions"}],"wp:featuredmedia":[{"embeddable":true,"href":"https:\/\/risk-indexes.com\/fr\/wp-json\/wp\/v2\/media\/21885"}],"wp:attachment":[{"href":"https:\/\/risk-indexes.com\/fr\/wp-json\/wp\/v2\/media?parent=2220"}],"curies":[{"name":"wp","href":"https:\/\/api.w.org\/{rel}","templated":true}]}}