{"id":2216,"date":"2019-06-12T10:10:13","date_gmt":"2019-06-12T08:10:13","guid":{"rendered":"http:\/\/riskwatchinitiative.org\/personnalisez-votre-indice\/"},"modified":"2022-04-12T11:16:00","modified_gmt":"2022-04-12T09:16:00","slug":"personnalisez-votre-indice","status":"publish","type":"page","link":"https:\/\/risk-indexes.com\/fr\/personnalisez-votre-indice\/","title":{"rendered":"Personnalisez votre indice"},"content":{"rendered":"\t\t<div data-elementor-type=\"wp-post\" data-elementor-id=\"2216\" class=\"elementor elementor-2216 elementor-231\" data-elementor-post-type=\"page\">\n\t\t\t\t\t\t<section class=\"elementor-section elementor-top-section elementor-element elementor-element-a791299 elementor-section-boxed elementor-section-height-default elementor-section-height-default\" data-id=\"a791299\" data-element_type=\"section\">\n\t\t\t\t\t\t<div class=\"elementor-container elementor-column-gap-default\">\n\t\t\t\t\t<div class=\"elementor-column elementor-col-100 elementor-top-column elementor-element elementor-element-124aa0a\" data-id=\"124aa0a\" data-element_type=\"column\">\n\t\t\t<div class=\"elementor-widget-wrap elementor-element-populated\">\n\t\t\t\t\t\t<div class=\"elementor-element elementor-element-ea05f4d elementor-widget elementor-widget-heading\" data-id=\"ea05f4d\" data-element_type=\"widget\" data-widget_type=\"heading.default\">\n\t\t\t\t<div class=\"elementor-widget-container\">\n\t\t\t<h2 class=\"elementor-heading-title elementor-size-default\">PERSONNALISEZ VOTRE INDICE<\/h2>\t\t<\/div>\n\t\t\t\t<\/div>\n\t\t\t\t<section class=\"elementor-section elementor-inner-section elementor-element elementor-element-9526f51 elementor-section-full_width elementor-section-height-default elementor-section-height-default\" data-id=\"9526f51\" data-element_type=\"section\">\n\t\t\t\t\t\t<div class=\"elementor-container elementor-column-gap-no\">\n\t\t\t\t\t<div class=\"elementor-column elementor-col-50 elementor-inner-column elementor-element elementor-element-ff53521\" data-id=\"ff53521\" data-element_type=\"column\">\n\t\t\t<div class=\"elementor-widget-wrap elementor-element-populated\">\n\t\t\t\t\t\t<div class=\"elementor-element elementor-element-fd5f17c elementor-widget elementor-widget-heading\" data-id=\"fd5f17c\" data-element_type=\"widget\" data-widget_type=\"heading.default\">\n\t\t\t\t<div class=\"elementor-widget-container\">\n\t\t\t<h2 class=\"elementor-heading-title elementor-size-default\">Deux indices pour toute une vari\u00e9t\u00e9 de risques<\/h2>\t\t<\/div>\n\t\t\t\t<\/div>\n\t\t\t\t<div class=\"elementor-element elementor-element-5951c1f elementor-widget elementor-widget-text-editor\" data-id=\"5951c1f\" data-element_type=\"widget\" data-widget_type=\"text-editor.default\">\n\t\t\t\t<div class=\"elementor-widget-container\">\n\t\t\t\t\t\t\t<p>Nos indices de risques sont des outils uniques comprenant une vari\u00e9t\u00e9 de mesures, par pays et par industrie.<\/p><p>Le Global Corruption Index (GCI) est compos\u00e9 de deux sous-indices compl\u00e9mentaires. Ax\u00e9 principalement sur la corruption, son champ d\u2019application s\u2019\u00e9tend aux autres crimes en col blanc (fraude, blanchiment d\u2019argent, financement du terrorisme, etc.).<br \/>L&rsquo;indice ESG \/ Devoir de Vigilance (ESGI) comprend trois aspects distincts: l&rsquo;environnement, les droits humains ainsi que la sant\u00e9 et la s\u00e9curit\u00e9 des personnes.<\/p><p>Les indices figurant sur notre site Web pr\u00e9sentent une distribution des pond\u00e9rations par d\u00e9faut. GRP offre la possibilit\u00e9 de choisir vos propres pond\u00e9rations (au niveau des sous-indices et des indicateurs) au sein de l\u2019indice de votre choix, le GCI ou l\u2019ESGI.<\/p><p>Ainsi personnalis\u00e9, votre index refl\u00e9tera les enjeux sp\u00e9cifiques \u00e0 vos besoins: adapt\u00e9 \u00e0 votre secteur d&rsquo;activit\u00e9, il tiendra compte des particularit\u00e9s de votre entreprise, ajoutant une valeur exclusive \u00e0 vos processus de conformit\u00e9.<\/p>\t\t\t\t\t\t<\/div>\n\t\t\t\t<\/div>\n\t\t\t\t\t<\/div>\n\t\t<\/div>\n\t\t\t\t<div class=\"elementor-column elementor-col-50 elementor-inner-column elementor-element elementor-element-b737d7b\" data-id=\"b737d7b\" data-element_type=\"column\">\n\t\t\t<div class=\"elementor-widget-wrap elementor-element-populated\">\n\t\t\t\t\t\t<div class=\"elementor-element elementor-element-ab83220 elementor-widget elementor-widget-heading\" data-id=\"ab83220\" data-element_type=\"widget\" data-widget_type=\"heading.default\">\n\t\t\t\t<div class=\"elementor-widget-container\">\n\t\t\t<h2 class=\"elementor-heading-title elementor-size-default\">\u00c9galement disponible: <br>Indice par industrie<\/h2>\t\t<\/div>\n\t\t\t\t<\/div>\n\t\t\t\t<div class=\"elementor-element elementor-element-d631fcd elementor-widget elementor-widget-text-editor\" data-id=\"d631fcd\" data-element_type=\"widget\" data-widget_type=\"text-editor.default\">\n\t\t\t\t<div class=\"elementor-widget-container\">\n\t\t\t\t\t\t\t<p>Notre site Web pr\u00e9sente une cartographie des risques par pays. Sur demande, les deux indices peuvent \u00eatre configur\u00e9s afin d\u2019inclure une \u00e9valuation des risques par secteur d&rsquo;activit\u00e9. Les scores et les notations de risque seront alors non seulement fournis par pays, mais aussi par industrie.<\/p>\n<p>Vous souhaitez cr\u00e9er votre propre indice\u00a0? N&rsquo;h\u00e9sitez pas \u00e0 nous contacter en utilisant le formulaire ci-dessous\u00a0:<\/p>\n\t\t\t\t\t\t<\/div>\n\t\t\t\t<\/div>\n\t\t\t\t<div class=\"elementor-element elementor-element-c24badf elementor-align-center elementor-widget elementor-widget-button\" data-id=\"c24badf\" data-element_type=\"widget\" data-widget_type=\"button.default\">\n\t\t\t\t<div class=\"elementor-widget-container\">\n\t\t\t\t\t<div class=\"elementor-button-wrapper\">\n\t\t\t<a class=\"elementor-button elementor-button-link elementor-size-xl elementor-animation-grow\" href=\"#elementor-action%3Aaction%3Dpopup%3Aopen%26settings%3DeyJpZCI6MzcyNywidG9nZ2xlIjp0cnVlfQ%3D%3D\">\n\t\t\t\t\t\t<span class=\"elementor-button-content-wrapper\">\n\t\t\t\t\t\t<span class=\"elementor-button-text\">Contactez-nous<\/span>\n\t\t<\/span>\n\t\t\t\t\t<\/a>\n\t\t<\/div>\n\t\t\t\t<\/div>\n\t\t\t\t<\/div>\n\t\t\t\t\t<\/div>\n\t\t<\/div>\n\t\t\t\t\t<\/div>\n\t\t<\/section>\n\t\t\t\t\t<\/div>\n\t\t<\/div>\n\t\t\t\t\t<\/div>\n\t\t<\/section>\n\t\t\t\t<section class=\"elementor-section elementor-top-section elementor-element elementor-element-c852f62 elementor-section-boxed elementor-section-height-default elementor-section-height-default\" data-id=\"c852f62\" data-element_type=\"section\" data-settings=\"{&quot;background_background&quot;:&quot;classic&quot;}\">\n\t\t\t\t\t\t\t<div class=\"elementor-background-overlay\"><\/div>\n\t\t\t\t\t\t\t<div class=\"elementor-container elementor-column-gap-default\">\n\t\t\t\t\t<div class=\"elementor-column elementor-col-100 elementor-top-column elementor-element elementor-element-4eb2841\" data-id=\"4eb2841\" data-element_type=\"column\" data-settings=\"{&quot;background_background&quot;:&quot;classic&quot;}\">\n\t\t\t<div class=\"elementor-widget-wrap elementor-element-populated\">\n\t\t\t\t\t\t<div class=\"elementor-element elementor-element-4859e72 elementor-widget elementor-widget-heading\" data-id=\"4859e72\" data-element_type=\"widget\" data-widget_type=\"heading.default\">\n\t\t\t\t<div class=\"elementor-widget-container\">\n\t\t\t<h2 class=\"elementor-heading-title elementor-size-default\">Pour une analyse de risques plus approfondie<\/h2>\t\t<\/div>\n\t\t\t\t<\/div>\n\t\t\t\t<div class=\"elementor-element elementor-element-f536f37 elementor-widget elementor-widget-text-editor\" data-id=\"f536f37\" data-element_type=\"widget\" data-widget_type=\"text-editor.default\">\n\t\t\t\t<div class=\"elementor-widget-container\">\n\t\t\t\t\t\t\t<p>Nos indices s\u2019ins\u00e8rent \u00e9galement dans un projet plus global: un syst\u00e8me de gestion de cas (CMS) unique <em>Ederis<\/em>, con\u00e7u pour traiter les risques associ\u00e9s aux tierces parties tout en respectant les exigences r\u00e9glementaires en vigueur. Afin d\u2019assurer la conformit\u00e9 \u00e0 un large cadre r\u00e9glementaire, notre logiciel int\u00e8gre deux flux de travail parall\u00e8les\u00a0&#8211; l\u2019un d\u00e9di\u00e9 aux r\u00e9glementations luttant contre la corruption et d\u2019autres crimes en col blanc, l\u2019autre \u00e0 celles orient\u00e9es ESG.<\/p>\n<p>&nbsp;<\/p>\n<p>Ederis pr\u00e9voit une analyse progressive des risques li\u00e9s aux tiers en trois \u00e9tapes cons\u00e9cutives. Nos indices font partie int\u00e9grante de la premi\u00e8re \u00e9tape: ils permettent au syst\u00e8me d\u2019\u00e9valuer les tiers en fonction de leurs risques exog\u00e8nes, g\u00e9n\u00e9rant ainsi une premi\u00e8re cartographie de risques bas\u00e9e sur le risque pays et industrie.<\/p>\n\t\t\t\t\t\t<\/div>\n\t\t\t\t<\/div>\n\t\t\t\t<div class=\"elementor-element elementor-element-0d48db5 elementor-align-center animated-slow elementor-list-item-link-full_width elementor-invisible elementor-widget elementor-widget-icon-list\" data-id=\"0d48db5\" data-element_type=\"widget\" data-settings=\"{&quot;_animation&quot;:&quot;zoomIn&quot;}\" data-widget_type=\"icon-list.default\">\n\t\t\t\t<div class=\"elementor-widget-container\">\n\t\t\t\t\t<ul class=\"elementor-icon-list-items\">\n\t\t\t\t\t\t\t<li class=\"elementor-icon-list-item\">\n\t\t\t\t\t\t\t\t\t\t\t<a href=\"https:\/\/globalriskprofile.com\/plateformede-gestion-desrisques\/?lang=fr\" target=\"_blank\" class=\"broken_link\">\n\n\t\t\t\t\t\t\t\t\t\t\t<span class=\"elementor-icon-list-text\">Pour en savoir plus sur notre logiciel Ederis, consultez globalriskprofile.com<\/span>\n\t\t\t\t\t\t\t\t\t\t\t<\/a>\n\t\t\t\t\t\t\t\t\t<\/li>\n\t\t\t\t\t\t<\/ul>\n\t\t\t\t<\/div>\n\t\t\t\t<\/div>\n\t\t\t\t\t<\/div>\n\t\t<\/div>\n\t\t\t\t\t<\/div>\n\t\t<\/section>\n\t\t\t\t<\/div>\n\t\t","protected":false},"excerpt":{"rendered":"<p>PERSONNALISEZ VOTRE INDICE Deux indices pour toute une vari\u00e9t\u00e9 de risques Nos indices de risques sont des outils uniques comprenant une vari\u00e9t\u00e9 de mesures, par pays et par industrie. Le Global Corruption Index (GCI) est compos\u00e9 de deux sous-indices compl\u00e9mentaires. Ax\u00e9 principalement sur la corruption, son champ d\u2019application s\u2019\u00e9tend aux autres crimes en col blanc [&hellip;]<\/p>\n","protected":false},"author":3,"featured_media":8213,"parent":0,"menu_order":0,"comment_status":"closed","ping_status":"closed","template":"elementor_header_footer","meta":{"footnotes":""},"class_list":["post-2216","page","type-page","status-publish","has-post-thumbnail","hentry"],"acf":[],"yoast_head":"<!-- This site is optimized with the Yoast SEO Premium plugin v22.4 (Yoast SEO v22.4) - https:\/\/yoast.com\/wordpress\/plugins\/seo\/ -->\n<title>News<\/title>\n<meta name=\"description\" content=\"Global Risk Profile dans les m\u00e9dias\" \/>\n<meta name=\"robots\" content=\"index, follow, max-snippet:-1, max-image-preview:large, max-video-preview:-1\" \/>\n<link rel=\"canonical\" href=\"http:\/\/risk-indexes.com\/fr\/personnalisez-votre-indice\/\" \/>\n<meta property=\"og:locale\" content=\"fr_FR\" \/>\n<meta property=\"og:type\" content=\"article\" \/>\n<meta property=\"og:title\" content=\"News\" \/>\n<meta property=\"og:description\" content=\"Global Risk Profile dans les m\u00e9dias\" \/>\n<meta property=\"og:url\" content=\"http:\/\/risk-indexes.com\/fr\/personnalisez-votre-indice\/\" \/>\n<meta property=\"og:site_name\" content=\"Global Corruption &amp; ESG Indexes\" \/>\n<meta property=\"article:modified_time\" content=\"2022-04-12T09:16:00+00:00\" \/>\n<meta property=\"og:image\" content=\"http:\/\/risk-indexes.com\/wp-content\/uploads\/2022\/10\/copy-riskindexes_customizeindex-1.png\" \/>\n\t<meta property=\"og:image:width\" content=\"964\" \/>\n\t<meta property=\"og:image:height\" content=\"665\" \/>\n\t<meta property=\"og:image:type\" content=\"image\/png\" \/>\n<meta name=\"twitter:card\" content=\"summary_large_image\" \/>\n<meta name=\"twitter:label1\" content=\"Dur\u00e9e de lecture estim\u00e9e\" \/>\n\t<meta name=\"twitter:data1\" content=\"2 minutes\" \/>\n<script type=\"application\/ld+json\" class=\"yoast-schema-graph\">{\"@context\":\"https:\/\/schema.org\",\"@graph\":[{\"@type\":\"WebPage\",\"@id\":\"http:\/\/risk-indexes.com\/fr\/personnalisez-votre-indice\/\",\"url\":\"http:\/\/risk-indexes.com\/fr\/personnalisez-votre-indice\/\",\"name\":\"News\",\"isPartOf\":{\"@id\":\"\/#website\"},\"primaryImageOfPage\":{\"@id\":\"http:\/\/risk-indexes.com\/fr\/personnalisez-votre-indice\/#primaryimage\"},\"image\":{\"@id\":\"http:\/\/risk-indexes.com\/fr\/personnalisez-votre-indice\/#primaryimage\"},\"thumbnailUrl\":\"https:\/\/risk-indexes.com\/wp-content\/uploads\/2022\/10\/copy-riskindexes_customizeindex-1.png\",\"datePublished\":\"2019-06-12T08:10:13+00:00\",\"dateModified\":\"2022-04-12T09:16:00+00:00\",\"description\":\"Global Risk Profile dans les m\u00e9dias\",\"inLanguage\":\"fr-FR\",\"potentialAction\":[{\"@type\":\"ReadAction\",\"target\":[\"http:\/\/risk-indexes.com\/fr\/personnalisez-votre-indice\/\"]}]},{\"@type\":\"ImageObject\",\"inLanguage\":\"fr-FR\",\"@id\":\"http:\/\/risk-indexes.com\/fr\/personnalisez-votre-indice\/#primaryimage\",\"url\":\"https:\/\/risk-indexes.com\/wp-content\/uploads\/2022\/10\/copy-riskindexes_customizeindex-1.png\",\"contentUrl\":\"https:\/\/risk-indexes.com\/wp-content\/uploads\/2022\/10\/copy-riskindexes_customizeindex-1.png\",\"width\":964,\"height\":665,\"caption\":\"Index customization\"},{\"@type\":\"WebSite\",\"@id\":\"\/#website\",\"url\":\"\/\",\"name\":\"Global Corruption &amp; ESG Indexes\",\"description\":\"Our Global Corruption &amp; ESG Indexes and Ratings are specifically aimed for risk management and compliance professionals and allow for effective risk mapping.\",\"publisher\":{\"@id\":\"\/#organization\"},\"potentialAction\":[{\"@type\":\"SearchAction\",\"target\":{\"@type\":\"EntryPoint\",\"urlTemplate\":\"\/?s={search_term_string}\"},\"query-input\":\"required name=search_term_string\"}],\"inLanguage\":\"fr-FR\"},{\"@type\":\"Organization\",\"@id\":\"\/#organization\",\"name\":\"Global Corruption &amp; ESG Indexes\",\"url\":\"\/\",\"logo\":{\"@type\":\"ImageObject\",\"inLanguage\":\"fr-FR\",\"@id\":\"\/#\/schema\/logo\/image\/\",\"url\":\"https:\/\/risk-indexes.com\/wp-content\/uploads\/2022\/06\/RWI_Logo_TransparentBackground_3.png\",\"contentUrl\":\"https:\/\/risk-indexes.com\/wp-content\/uploads\/2022\/06\/RWI_Logo_TransparentBackground_3.png\",\"width\":500,\"height\":339,\"caption\":\"Global Corruption &amp; ESG Indexes\"},\"image\":{\"@id\":\"\/#\/schema\/logo\/image\/\"}}]}<\/script>\n<!-- \/ Yoast SEO Premium plugin. -->","yoast_head_json":{"title":"News","description":"Global Risk Profile dans les m\u00e9dias","robots":{"index":"index","follow":"follow","max-snippet":"max-snippet:-1","max-image-preview":"max-image-preview:large","max-video-preview":"max-video-preview:-1"},"canonical":"http:\/\/risk-indexes.com\/fr\/personnalisez-votre-indice\/","og_locale":"fr_FR","og_type":"article","og_title":"News","og_description":"Global Risk Profile dans les m\u00e9dias","og_url":"http:\/\/risk-indexes.com\/fr\/personnalisez-votre-indice\/","og_site_name":"Global Corruption &amp; ESG Indexes","article_modified_time":"2022-04-12T09:16:00+00:00","og_image":[{"width":964,"height":665,"url":"http:\/\/risk-indexes.com\/wp-content\/uploads\/2022\/10\/copy-riskindexes_customizeindex-1.png","type":"image\/png"}],"twitter_card":"summary_large_image","twitter_misc":{"Dur\u00e9e de lecture estim\u00e9e":"2 minutes"},"schema":{"@context":"https:\/\/schema.org","@graph":[{"@type":"WebPage","@id":"http:\/\/risk-indexes.com\/fr\/personnalisez-votre-indice\/","url":"http:\/\/risk-indexes.com\/fr\/personnalisez-votre-indice\/","name":"News","isPartOf":{"@id":"\/#website"},"primaryImageOfPage":{"@id":"http:\/\/risk-indexes.com\/fr\/personnalisez-votre-indice\/#primaryimage"},"image":{"@id":"http:\/\/risk-indexes.com\/fr\/personnalisez-votre-indice\/#primaryimage"},"thumbnailUrl":"https:\/\/risk-indexes.com\/wp-content\/uploads\/2022\/10\/copy-riskindexes_customizeindex-1.png","datePublished":"2019-06-12T08:10:13+00:00","dateModified":"2022-04-12T09:16:00+00:00","description":"Global Risk Profile dans les m\u00e9dias","inLanguage":"fr-FR","potentialAction":[{"@type":"ReadAction","target":["http:\/\/risk-indexes.com\/fr\/personnalisez-votre-indice\/"]}]},{"@type":"ImageObject","inLanguage":"fr-FR","@id":"http:\/\/risk-indexes.com\/fr\/personnalisez-votre-indice\/#primaryimage","url":"https:\/\/risk-indexes.com\/wp-content\/uploads\/2022\/10\/copy-riskindexes_customizeindex-1.png","contentUrl":"https:\/\/risk-indexes.com\/wp-content\/uploads\/2022\/10\/copy-riskindexes_customizeindex-1.png","width":964,"height":665,"caption":"Index customization"},{"@type":"WebSite","@id":"\/#website","url":"\/","name":"Global Corruption &amp; ESG Indexes","description":"Our Global Corruption &amp; ESG Indexes and Ratings are specifically aimed for risk management and compliance professionals and allow for effective risk mapping.","publisher":{"@id":"\/#organization"},"potentialAction":[{"@type":"SearchAction","target":{"@type":"EntryPoint","urlTemplate":"\/?s={search_term_string}"},"query-input":"required name=search_term_string"}],"inLanguage":"fr-FR"},{"@type":"Organization","@id":"\/#organization","name":"Global Corruption &amp; ESG Indexes","url":"\/","logo":{"@type":"ImageObject","inLanguage":"fr-FR","@id":"\/#\/schema\/logo\/image\/","url":"https:\/\/risk-indexes.com\/wp-content\/uploads\/2022\/06\/RWI_Logo_TransparentBackground_3.png","contentUrl":"https:\/\/risk-indexes.com\/wp-content\/uploads\/2022\/06\/RWI_Logo_TransparentBackground_3.png","width":500,"height":339,"caption":"Global Corruption &amp; ESG Indexes"},"image":{"@id":"\/#\/schema\/logo\/image\/"}}]}},"_links":{"self":[{"href":"https:\/\/risk-indexes.com\/fr\/wp-json\/wp\/v2\/pages\/2216","targetHints":{"allow":["GET"]}}],"collection":[{"href":"https:\/\/risk-indexes.com\/fr\/wp-json\/wp\/v2\/pages"}],"about":[{"href":"https:\/\/risk-indexes.com\/fr\/wp-json\/wp\/v2\/types\/page"}],"author":[{"embeddable":true,"href":"https:\/\/risk-indexes.com\/fr\/wp-json\/wp\/v2\/users\/3"}],"replies":[{"embeddable":true,"href":"https:\/\/risk-indexes.com\/fr\/wp-json\/wp\/v2\/comments?post=2216"}],"version-history":[{"count":0,"href":"https:\/\/risk-indexes.com\/fr\/wp-json\/wp\/v2\/pages\/2216\/revisions"}],"wp:featuredmedia":[{"embeddable":true,"href":"https:\/\/risk-indexes.com\/fr\/wp-json\/wp\/v2\/media\/8213"}],"wp:attachment":[{"href":"https:\/\/risk-indexes.com\/fr\/wp-json\/wp\/v2\/media?parent=2216"}],"curies":[{"name":"wp","href":"https:\/\/api.w.org\/{rel}","templated":true}]}}