{"id":5628,"date":"2022-09-19T15:54:22","date_gmt":"2022-09-19T13:54:22","guid":{"rendered":"https:\/\/dev.risk-indexes.com\/services\/statistiques-indices\/"},"modified":"2022-11-10T13:07:37","modified_gmt":"2022-11-10T12:07:37","slug":"statistiques-indices","status":"publish","type":"page","link":"http:\/\/risk-indexes.com\/fr\/services\/statistiques-indices\/","title":{"rendered":"Statistiques Indices"},"content":{"rendered":"\t\t<div data-elementor-type=\"wp-page\" data-elementor-id=\"5628\" class=\"elementor elementor-5628 elementor-4709\" data-elementor-post-type=\"page\">\n\t\t\t\t\t\t<section class=\"elementor-section elementor-top-section elementor-element elementor-element-270b1297 elementor-section-full_width elementor-section-height-default elementor-section-height-default\" data-id=\"270b1297\" data-element_type=\"section\">\n\t\t\t\t\t\t<div class=\"elementor-container elementor-column-gap-default\">\n\t\t\t\t\t<div class=\"elementor-column elementor-col-100 elementor-top-column elementor-element elementor-element-1a508ef3\" data-id=\"1a508ef3\" data-element_type=\"column\">\n\t\t\t<div class=\"elementor-widget-wrap elementor-element-populated\">\n\t\t\t\t\t\t<div class=\"elementor-element elementor-element-18e780f elementor-widget elementor-widget-shortcode\" data-id=\"18e780f\" data-element_type=\"widget\" data-widget_type=\"shortcode.default\">\n\t\t\t\t<div class=\"elementor-widget-container\">\n\t\t\t\t\t<div class=\"elementor-shortcode\"> \t\t<div data-elementor-type=\"page\" data-elementor-id=\"10221\" class=\"elementor elementor-10221 elementor-9855\" data-elementor-post-type=\"elementor_library\">\n\t\t\t\t\t\t<section class=\"elementor-section elementor-top-section elementor-element elementor-element-9addfd4 elementor-section-height-min-height elementor-section-boxed elementor-section-height-default elementor-section-items-middle\" data-id=\"9addfd4\" data-element_type=\"section\" data-settings=\"{&quot;background_background&quot;:&quot;classic&quot;,&quot;background_motion_fx_motion_fx_mouse&quot;:&quot;yes&quot;,&quot;background_motion_fx_mouseTrack_effect&quot;:&quot;yes&quot;,&quot;background_motion_fx_mouseTrack_speed&quot;:{&quot;unit&quot;:&quot;px&quot;,&quot;size&quot;:1,&quot;sizes&quot;:[]}}\">\n\t\t\t\t\t\t\t<div class=\"elementor-background-overlay\"><\/div>\n\t\t\t\t\t\t\t<div class=\"elementor-container elementor-column-gap-default\">\n\t\t\t\t\t<div class=\"elementor-column elementor-col-100 elementor-top-column elementor-element elementor-element-178c646\" data-id=\"178c646\" data-element_type=\"column\">\n\t\t\t<div class=\"elementor-widget-wrap elementor-element-populated\">\n\t\t\t\t\t\t<div class=\"elementor-element elementor-element-0bf52cd elementor-widget elementor-widget-text-editor\" data-id=\"0bf52cd\" data-element_type=\"widget\" data-widget_type=\"text-editor.default\">\n\t\t\t\t<div class=\"elementor-widget-container\">\n\t\t\t\t\t\t\t<p>Cette page n&rsquo;est disponible que pour les utilisateurs connect\u00e9s au site ayant souscrit \u00e0 une formule d&rsquo;abonnement.<\/p>\n<p>Souscrivez \u00e0 un compte Basique, Standard ou Premium si vous n&rsquo;en avez pas, puis revenez sur cette page ! Si vous voyez ce contenu alors que vous \u00eates abonn\u00e9 et connect\u00e9 au site, veuillez nous contacter \u00e0 info@globalriskprofile.com pour signaler votre probl\u00e8me d&rsquo;acc\u00e8s.<\/p>\n\t\t\t\t\t\t<\/div>\n\t\t\t\t<\/div>\n\t\t\t\t<div class=\"elementor-element elementor-element-17cade1 elementor-align-left elementor-widget elementor-widget-button\" data-id=\"17cade1\" data-element_type=\"widget\" data-widget_type=\"button.default\">\n\t\t\t\t<div class=\"elementor-widget-container\">\n\t\t\t\t\t<div class=\"elementor-button-wrapper\">\n\t\t\t<a class=\"elementor-button elementor-button-link elementor-size-sm\" href=\"https:\/\/risk-indexes.com\/fr\/acces-membres\/\">\n\t\t\t\t\t\t<span class=\"elementor-button-content-wrapper\">\n\t\t\t\t\t\t<span class=\"elementor-button-text\">SOUSCRIRE<\/span>\n\t\t<\/span>\n\t\t\t\t\t<\/a>\n\t\t<\/div>\n\t\t\t\t<\/div>\n\t\t\t\t<\/div>\n\t\t\t\t\t<\/div>\n\t\t<\/div>\n\t\t\t\t\t<\/div>\n\t\t<\/section>\n\t\t\t\t<\/div>\n\t\t\n\n<\/div>\n\t\t\t\t<\/div>\n\t\t\t\t<\/div>\n\t\t\t\t\t<\/div>\n\t\t<\/div>\n\t\t\t\t\t<\/div>\n\t\t<\/section>\n\t\t\t\t<\/div>\n\t\t","protected":false},"excerpt":{"rendered":"","protected":false},"author":6,"featured_media":0,"parent":5625,"menu_order":0,"comment_status":"closed","ping_status":"closed","template":"elementor_header_footer","meta":{"footnotes":""},"class_list":["post-5628","page","type-page","status-publish","hentry"],"acf":[],"yoast_head":"<!-- This site is optimized with the Yoast SEO Premium plugin v22.4 (Yoast SEO v22.4) - https:\/\/yoast.com\/wordpress\/plugins\/seo\/ -->\n<title>Statistiques Indices - Global Corruption &amp; ESG Indexes<\/title>\n<meta name=\"robots\" content=\"noindex, nofollow\" \/>\n<meta property=\"og:locale\" content=\"fr_FR\" \/>\n<meta property=\"og:type\" content=\"article\" \/>\n<meta property=\"og:title\" content=\"Statistiques Indices - Global Corruption &amp; ESG Indexes\" \/>\n<meta property=\"og:url\" content=\"https:\/\/risk-indexes.com\/fr\/services\/statistiques-indices\/\" \/>\n<meta property=\"og:site_name\" content=\"Global Corruption &amp; ESG Indexes\" \/>\n<meta property=\"article:modified_time\" content=\"2022-11-10T12:07:37+00:00\" \/>\n<meta name=\"twitter:card\" content=\"summary_large_image\" \/>\n<meta name=\"twitter:label1\" content=\"Dur\u00e9e de lecture estim\u00e9e\" \/>\n\t<meta name=\"twitter:data1\" content=\"51 minutes\" \/>\n<script type=\"application\/ld+json\" class=\"yoast-schema-graph\">{\"@context\":\"https:\/\/schema.org\",\"@graph\":[{\"@type\":\"WebPage\",\"@id\":\"https:\/\/risk-indexes.com\/fr\/services\/statistiques-indices\/\",\"url\":\"https:\/\/risk-indexes.com\/fr\/services\/statistiques-indices\/\",\"name\":\"Statistiques Indices - Global Corruption &amp; ESG Indexes\",\"isPartOf\":{\"@id\":\"\/#website\"},\"datePublished\":\"2022-09-19T13:54:22+00:00\",\"dateModified\":\"2022-11-10T12:07:37+00:00\",\"breadcrumb\":{\"@id\":\"https:\/\/risk-indexes.com\/fr\/services\/statistiques-indices\/#breadcrumb\"},\"inLanguage\":\"fr-FR\",\"potentialAction\":[{\"@type\":\"ReadAction\",\"target\":[\"https:\/\/risk-indexes.com\/fr\/services\/statistiques-indices\/\"]}]},{\"@type\":\"BreadcrumbList\",\"@id\":\"https:\/\/risk-indexes.com\/fr\/services\/statistiques-indices\/#breadcrumb\",\"itemListElement\":[{\"@type\":\"ListItem\",\"position\":1,\"name\":\"Services\",\"item\":\"http:\/\/risk-indexes.com\/fr\/services\/\"},{\"@type\":\"ListItem\",\"position\":2,\"name\":\"Statistiques Indices\"}]},{\"@type\":\"WebSite\",\"@id\":\"\/#website\",\"url\":\"\/\",\"name\":\"Global Corruption &amp; ESG Indexes\",\"description\":\"Our Global Corruption &amp; ESG Indexes and Ratings are specifically aimed for risk management and compliance professionals and allow for effective risk mapping.\",\"publisher\":{\"@id\":\"\/#organization\"},\"potentialAction\":[{\"@type\":\"SearchAction\",\"target\":{\"@type\":\"EntryPoint\",\"urlTemplate\":\"\/?s={search_term_string}\"},\"query-input\":\"required name=search_term_string\"}],\"inLanguage\":\"fr-FR\"},{\"@type\":\"Organization\",\"@id\":\"\/#organization\",\"name\":\"Global Corruption &amp; ESG Indexes\",\"url\":\"\/\",\"logo\":{\"@type\":\"ImageObject\",\"inLanguage\":\"fr-FR\",\"@id\":\"\/#\/schema\/logo\/image\/\",\"url\":\"http:\/\/risk-indexes.com\/wp-content\/uploads\/2022\/06\/RWI_Logo_TransparentBackground_3.png\",\"contentUrl\":\"http:\/\/risk-indexes.com\/wp-content\/uploads\/2022\/06\/RWI_Logo_TransparentBackground_3.png\",\"width\":500,\"height\":339,\"caption\":\"Global Corruption &amp; ESG Indexes\"},\"image\":{\"@id\":\"\/#\/schema\/logo\/image\/\"}}]}<\/script>\n<!-- \/ Yoast SEO Premium plugin. -->","yoast_head_json":{"title":"Statistiques Indices - Global Corruption &amp; ESG Indexes","robots":{"index":"noindex","follow":"nofollow"},"og_locale":"fr_FR","og_type":"article","og_title":"Statistiques Indices - Global Corruption &amp; ESG Indexes","og_url":"https:\/\/risk-indexes.com\/fr\/services\/statistiques-indices\/","og_site_name":"Global Corruption &amp; ESG Indexes","article_modified_time":"2022-11-10T12:07:37+00:00","twitter_card":"summary_large_image","twitter_misc":{"Dur\u00e9e de lecture estim\u00e9e":"51 minutes"},"schema":{"@context":"https:\/\/schema.org","@graph":[{"@type":"WebPage","@id":"https:\/\/risk-indexes.com\/fr\/services\/statistiques-indices\/","url":"https:\/\/risk-indexes.com\/fr\/services\/statistiques-indices\/","name":"Statistiques Indices - Global Corruption &amp; ESG Indexes","isPartOf":{"@id":"\/#website"},"datePublished":"2022-09-19T13:54:22+00:00","dateModified":"2022-11-10T12:07:37+00:00","breadcrumb":{"@id":"https:\/\/risk-indexes.com\/fr\/services\/statistiques-indices\/#breadcrumb"},"inLanguage":"fr-FR","potentialAction":[{"@type":"ReadAction","target":["https:\/\/risk-indexes.com\/fr\/services\/statistiques-indices\/"]}]},{"@type":"BreadcrumbList","@id":"https:\/\/risk-indexes.com\/fr\/services\/statistiques-indices\/#breadcrumb","itemListElement":[{"@type":"ListItem","position":1,"name":"Services","item":"http:\/\/risk-indexes.com\/fr\/services\/"},{"@type":"ListItem","position":2,"name":"Statistiques Indices"}]},{"@type":"WebSite","@id":"\/#website","url":"\/","name":"Global Corruption &amp; ESG Indexes","description":"Our Global Corruption &amp; ESG Indexes and Ratings are specifically aimed for risk management and compliance professionals and allow for effective risk mapping.","publisher":{"@id":"\/#organization"},"potentialAction":[{"@type":"SearchAction","target":{"@type":"EntryPoint","urlTemplate":"\/?s={search_term_string}"},"query-input":"required name=search_term_string"}],"inLanguage":"fr-FR"},{"@type":"Organization","@id":"\/#organization","name":"Global Corruption &amp; ESG Indexes","url":"\/","logo":{"@type":"ImageObject","inLanguage":"fr-FR","@id":"\/#\/schema\/logo\/image\/","url":"http:\/\/risk-indexes.com\/wp-content\/uploads\/2022\/06\/RWI_Logo_TransparentBackground_3.png","contentUrl":"http:\/\/risk-indexes.com\/wp-content\/uploads\/2022\/06\/RWI_Logo_TransparentBackground_3.png","width":500,"height":339,"caption":"Global Corruption &amp; ESG Indexes"},"image":{"@id":"\/#\/schema\/logo\/image\/"}}]}},"_links":{"self":[{"href":"http:\/\/risk-indexes.com\/fr\/wp-json\/wp\/v2\/pages\/5628","targetHints":{"allow":["GET"]}}],"collection":[{"href":"http:\/\/risk-indexes.com\/fr\/wp-json\/wp\/v2\/pages"}],"about":[{"href":"http:\/\/risk-indexes.com\/fr\/wp-json\/wp\/v2\/types\/page"}],"author":[{"embeddable":true,"href":"http:\/\/risk-indexes.com\/fr\/wp-json\/wp\/v2\/users\/6"}],"replies":[{"embeddable":true,"href":"http:\/\/risk-indexes.com\/fr\/wp-json\/wp\/v2\/comments?post=5628"}],"version-history":[{"count":0,"href":"http:\/\/risk-indexes.com\/fr\/wp-json\/wp\/v2\/pages\/5628\/revisions"}],"up":[{"embeddable":true,"href":"http:\/\/risk-indexes.com\/fr\/wp-json\/wp\/v2\/pages\/5625"}],"wp:attachment":[{"href":"http:\/\/risk-indexes.com\/fr\/wp-json\/wp\/v2\/media?parent=5628"}],"curies":[{"name":"wp","href":"https:\/\/api.w.org\/{rel}","templated":true}]}}