{"id":3113,"date":"2020-04-30T15:34:26","date_gmt":"2020-04-30T13:34:26","guid":{"rendered":"http:\/\/riskwatchinitiative.org\/profils-de-risques-par-pays\/"},"modified":"2022-10-18T20:45:31","modified_gmt":"2022-10-18T18:45:31","slug":"profils-de-risques-par-pays","status":"publish","type":"page","link":"http:\/\/risk-indexes.com\/fr\/profils-de-risques-par-pays\/","title":{"rendered":"Fiches Pays"},"content":{"rendered":"\t\t<div data-elementor-type=\"wp-post\" data-elementor-id=\"3113\" class=\"elementor elementor-3113 elementor-3062\" data-elementor-post-type=\"page\">\n\t\t\t\t\t\t<section class=\"elementor-section elementor-top-section elementor-element elementor-element-c63e61e elementor-section-boxed elementor-section-height-default elementor-section-height-default\" data-id=\"c63e61e\" data-element_type=\"section\">\n\t\t\t\t\t\t<div class=\"elementor-container elementor-column-gap-default\">\n\t\t\t\t\t<div class=\"elementor-column elementor-col-100 elementor-top-column elementor-element elementor-element-e88015a\" data-id=\"e88015a\" data-element_type=\"column\">\n\t\t\t<div class=\"elementor-widget-wrap elementor-element-populated\">\n\t\t\t\t\t\t<div class=\"elementor-element elementor-element-afc1ad0 elementor-widget elementor-widget-heading\" data-id=\"afc1ad0\" data-element_type=\"widget\" data-widget_type=\"heading.default\">\n\t\t\t\t<div class=\"elementor-widget-container\">\n\t\t\t<h2 class=\"elementor-heading-title elementor-size-default\">FICHES PAYS<\/h2>\t\t<\/div>\n\t\t\t\t<\/div>\n\t\t\t\t<section class=\"elementor-section elementor-inner-section elementor-element elementor-element-e703e54 elementor-section-full_width elementor-section-height-default elementor-section-height-default\" data-id=\"e703e54\" data-element_type=\"section\">\n\t\t\t\t\t\t<div class=\"elementor-container elementor-column-gap-no\">\n\t\t\t\t\t<div class=\"elementor-column elementor-col-50 elementor-inner-column elementor-element elementor-element-61bda65\" data-id=\"61bda65\" data-element_type=\"column\">\n\t\t\t<div class=\"elementor-widget-wrap elementor-element-populated\">\n\t\t\t\t\t\t<div class=\"elementor-element elementor-element-7961d5f elementor-widget elementor-widget-heading\" data-id=\"7961d5f\" data-element_type=\"widget\" data-widget_type=\"heading.default\">\n\t\t\t\t<div class=\"elementor-widget-container\">\n\t\t\t<h2 class=\"elementor-heading-title elementor-size-default\">Des risques clairs<\/h2>\t\t<\/div>\n\t\t\t\t<\/div>\n\t\t\t\t<div class=\"elementor-element elementor-element-fc2c2dc elementor-widget elementor-widget-text-editor\" data-id=\"fc2c2dc\" data-element_type=\"widget\" data-widget_type=\"text-editor.default\">\n\t\t\t\t<div class=\"elementor-widget-container\">\n\t\t\t\t\t\t\t<p class=\"p1\">Global Risk Profile s&rsquo;est lanc\u00e9 dans un nouveau projet &#8211; celui de r\u00e9aliser des fiches de risques par pays, mettant en lumi\u00e8re leurs principales caract\u00e9ristiques et tendances au regard de leur exposition :<\/p>\n<ul>\n<li class=\"p1\">aux risques de corruption et d\u2019autres crimes en col blanc (blanchiment d\u2019argent, financement du terrorisme, etc.)<\/li>\n<li class=\"p1\">aux risques ESG, li\u00e9s \u00e0 la fois \u00e0 l\u2019environnement, aux droits humains et \u00e0 la s\u00e9curit\u00e9 et sant\u00e9 des personnes.<\/li>\n<\/ul>\n<p>&nbsp;<\/p>\n<p>Ces fiches s\u2019appuient principalement sur les mesures effectu\u00e9es par nos deux indices de risques \u2013 L\u2019indice Global de Corruption et l\u2019Indice ESG.<\/p>\n\t\t\t\t\t\t<\/div>\n\t\t\t\t<\/div>\n\t\t\t\t\t<\/div>\n\t\t<\/div>\n\t\t\t\t<div class=\"elementor-column elementor-col-50 elementor-inner-column elementor-element elementor-element-200b134\" data-id=\"200b134\" data-element_type=\"column\" data-settings=\"{&quot;background_background&quot;:&quot;classic&quot;}\">\n\t\t\t<div class=\"elementor-widget-wrap elementor-element-populated\">\n\t\t\t\t\t\t<div class=\"elementor-element elementor-element-44e26f3 elementor-widget elementor-widget-heading\" data-id=\"44e26f3\" data-element_type=\"widget\" data-widget_type=\"heading.default\">\n\t\t\t\t<div class=\"elementor-widget-container\">\n\t\t\t<h2 class=\"elementor-heading-title elementor-size-default\">Obtenez votre fiche pays<\/h2>\t\t<\/div>\n\t\t\t\t<\/div>\n\t\t\t\t<div class=\"elementor-element elementor-element-9105933 elementor-widget elementor-widget-spacer\" data-id=\"9105933\" data-element_type=\"widget\" data-widget_type=\"spacer.default\">\n\t\t\t\t<div class=\"elementor-widget-container\">\n\t\t\t\t\t<div class=\"elementor-spacer\">\n\t\t\t<div class=\"elementor-spacer-inner\"><\/div>\n\t\t<\/div>\n\t\t\t\t<\/div>\n\t\t\t\t<\/div>\n\t\t\t\t<div class=\"elementor-element elementor-element-6d8e121 elementor-widget elementor-widget-text-editor\" data-id=\"6d8e121\" data-element_type=\"widget\" data-widget_type=\"text-editor.default\">\n\t\t\t\t<div class=\"elementor-widget-container\">\n\t\t\t\t\t\t\t<p><span style=\"font-weight: var( --e-global-typography-text-font-weight ); font-size: 1rem;\">Les fiches pays sont progressivement mises \u00e0 disposition de nos membres <\/span><b style=\"font-size: 1rem;\">STANDARD<\/b><span style=\"font-weight: var( --e-global-typography-text-font-weight ); font-size: 1rem;\"> et <\/span><b style=\"font-size: 1rem;\">PREMIUM<\/b><span style=\"font-weight: var( --e-global-typography-text-font-weight ); font-size: 1rem;\">.<\/span><\/p>\n\t\t\t\t\t\t<\/div>\n\t\t\t\t<\/div>\n\t\t\t\t<div class=\"elementor-element elementor-element-bcd6fcd elementor-align-center e-transform elementor-widget elementor-widget-button\" data-id=\"bcd6fcd\" data-element_type=\"widget\" data-settings=\"{&quot;_transform_scale_effect_hover&quot;:{&quot;unit&quot;:&quot;px&quot;,&quot;size&quot;:&quot;&quot;,&quot;sizes&quot;:[]},&quot;_transform_scale_effect_hover_tablet&quot;:{&quot;unit&quot;:&quot;px&quot;,&quot;size&quot;:&quot;&quot;,&quot;sizes&quot;:[]},&quot;_transform_scale_effect_hover_mobile&quot;:{&quot;unit&quot;:&quot;px&quot;,&quot;size&quot;:&quot;&quot;,&quot;sizes&quot;:[]}}\" data-widget_type=\"button.default\">\n\t\t\t\t<div class=\"elementor-widget-container\">\n\t\t\t\t\t<div class=\"elementor-button-wrapper\">\n\t\t\t<a class=\"elementor-button elementor-button-link elementor-size-lg elementor-animation-grow\" href=\"https:\/\/risk-indexes.com\/wp-content\/uploads\/2021\/11\/CountryRiskProfile_Qatar_Enhanced.pdf\">\n\t\t\t\t\t\t<span class=\"elementor-button-content-wrapper\">\n\t\t\t\t\t\t<span class=\"elementor-button-text\">T\u00e9l\u00e9charger exemple<\/span>\n\t\t<\/span>\n\t\t\t\t\t<\/a>\n\t\t<\/div>\n\t\t\t\t<\/div>\n\t\t\t\t<\/div>\n\t\t\t\t<div class=\"elementor-element elementor-element-8c7049d elementor-widget elementor-widget-text-editor\" data-id=\"8c7049d\" data-element_type=\"widget\" data-widget_type=\"text-editor.default\">\n\t\t\t\t<div class=\"elementor-widget-container\">\n\t\t\t\t\t\t\t\t\t\t\t\t\t<\/div>\n\t\t\t\t<\/div>\n\t\t\t\t\t<\/div>\n\t\t<\/div>\n\t\t\t\t\t<\/div>\n\t\t<\/section>\n\t\t\t\t\t<\/div>\n\t\t<\/div>\n\t\t\t\t\t<\/div>\n\t\t<\/section>\n\t\t\t\t<\/div>\n\t\t","protected":false},"excerpt":{"rendered":"<p>FICHES PAYS Des risques clairs Global Risk Profile s&rsquo;est lanc\u00e9 dans un nouveau projet &#8211; celui de r\u00e9aliser des fiches de risques par pays, mettant en lumi\u00e8re leurs principales caract\u00e9ristiques et tendances au regard de leur exposition : aux risques de corruption et d\u2019autres crimes en col blanc (blanchiment d\u2019argent, financement du terrorisme, etc.) aux [&hellip;]<\/p>\n","protected":false},"author":3,"featured_media":8254,"parent":0,"menu_order":0,"comment_status":"closed","ping_status":"closed","template":"elementor_header_footer","meta":{"footnotes":""},"class_list":["post-3113","page","type-page","status-publish","has-post-thumbnail","hentry"],"acf":[],"yoast_head":"<!-- This site is optimized with the Yoast SEO Premium plugin v22.4 (Yoast SEO v22.4) - https:\/\/yoast.com\/wordpress\/plugins\/seo\/ -->\n<title>Fiches Pays<\/title>\n<meta name=\"description\" content=\"S&#039;appuyant sur les donn\u00e9es de l&#039;indice Global de Corruption &amp; de l&#039;Indice ESG, nos profils de risques par pays synth\u00e9tisent l&#039;exposition d&#039;une juridiction aux risques de corruption et ESG.\" \/>\n<meta name=\"robots\" content=\"index, follow, max-snippet:-1, max-image-preview:large, max-video-preview:-1\" \/>\n<link rel=\"canonical\" href=\"http:\/\/risk-indexes.com\/fr\/profils-de-risques-par-pays\/\" \/>\n<meta property=\"og:locale\" content=\"fr_FR\" \/>\n<meta property=\"og:type\" content=\"article\" \/>\n<meta property=\"og:title\" content=\"Fiches Pays\" \/>\n<meta property=\"og:description\" content=\"S&#039;appuyant sur les donn\u00e9es de l&#039;indice Global de Corruption &amp; de l&#039;Indice ESG, nos profils de risques par pays synth\u00e9tisent l&#039;exposition d&#039;une juridiction aux risques de corruption et ESG.\" \/>\n<meta property=\"og:url\" content=\"http:\/\/risk-indexes.com\/fr\/profils-de-risques-par-pays\/\" \/>\n<meta property=\"og:site_name\" content=\"Global Corruption &amp; ESG Indexes\" \/>\n<meta property=\"article:modified_time\" content=\"2022-10-18T18:45:31+00:00\" \/>\n<meta property=\"og:image\" content=\"http:\/\/risk-indexes.com\/wp-content\/uploads\/2022\/10\/copy-riskindexes_screenings_products-2.png\" \/>\n\t<meta property=\"og:image:width\" content=\"747\" \/>\n\t<meta property=\"og:image:height\" content=\"428\" \/>\n\t<meta property=\"og:image:type\" content=\"image\/png\" \/>\n<meta name=\"twitter:card\" content=\"summary_large_image\" \/>\n<meta name=\"twitter:label1\" content=\"Dur\u00e9e de lecture estim\u00e9e\" \/>\n\t<meta name=\"twitter:data1\" content=\"1 minute\" \/>\n<script type=\"application\/ld+json\" class=\"yoast-schema-graph\">{\"@context\":\"https:\/\/schema.org\",\"@graph\":[{\"@type\":\"WebPage\",\"@id\":\"http:\/\/risk-indexes.com\/fr\/profils-de-risques-par-pays\/\",\"url\":\"http:\/\/risk-indexes.com\/fr\/profils-de-risques-par-pays\/\",\"name\":\"Fiches Pays\",\"isPartOf\":{\"@id\":\"\/#website\"},\"primaryImageOfPage\":{\"@id\":\"http:\/\/risk-indexes.com\/fr\/profils-de-risques-par-pays\/#primaryimage\"},\"image\":{\"@id\":\"http:\/\/risk-indexes.com\/fr\/profils-de-risques-par-pays\/#primaryimage\"},\"thumbnailUrl\":\"http:\/\/risk-indexes.com\/wp-content\/uploads\/2022\/10\/copy-riskindexes_screenings_products-2.png\",\"datePublished\":\"2020-04-30T13:34:26+00:00\",\"dateModified\":\"2022-10-18T18:45:31+00:00\",\"description\":\"S'appuyant sur les donn\u00e9es de l'indice Global de Corruption & de l'Indice ESG, nos profils de risques par pays synth\u00e9tisent l'exposition d'une juridiction aux risques de corruption et ESG.\",\"inLanguage\":\"fr-FR\",\"potentialAction\":[{\"@type\":\"ReadAction\",\"target\":[\"http:\/\/risk-indexes.com\/fr\/profils-de-risques-par-pays\/\"]}]},{\"@type\":\"ImageObject\",\"inLanguage\":\"fr-FR\",\"@id\":\"http:\/\/risk-indexes.com\/fr\/profils-de-risques-par-pays\/#primaryimage\",\"url\":\"http:\/\/risk-indexes.com\/wp-content\/uploads\/2022\/10\/copy-riskindexes_screenings_products-2.png\",\"contentUrl\":\"http:\/\/risk-indexes.com\/wp-content\/uploads\/2022\/10\/copy-riskindexes_screenings_products-2.png\",\"width\":747,\"height\":428,\"caption\":\"Risk\"},{\"@type\":\"WebSite\",\"@id\":\"\/#website\",\"url\":\"\/\",\"name\":\"Global Corruption &amp; ESG Indexes\",\"description\":\"Our Global Corruption &amp; ESG Indexes and Ratings are specifically aimed for risk management and compliance professionals and allow for effective risk mapping.\",\"publisher\":{\"@id\":\"\/#organization\"},\"potentialAction\":[{\"@type\":\"SearchAction\",\"target\":{\"@type\":\"EntryPoint\",\"urlTemplate\":\"\/?s={search_term_string}\"},\"query-input\":\"required name=search_term_string\"}],\"inLanguage\":\"fr-FR\"},{\"@type\":\"Organization\",\"@id\":\"\/#organization\",\"name\":\"Global Corruption &amp; ESG Indexes\",\"url\":\"\/\",\"logo\":{\"@type\":\"ImageObject\",\"inLanguage\":\"fr-FR\",\"@id\":\"\/#\/schema\/logo\/image\/\",\"url\":\"http:\/\/risk-indexes.com\/wp-content\/uploads\/2022\/06\/RWI_Logo_TransparentBackground_3.png\",\"contentUrl\":\"http:\/\/risk-indexes.com\/wp-content\/uploads\/2022\/06\/RWI_Logo_TransparentBackground_3.png\",\"width\":500,\"height\":339,\"caption\":\"Global Corruption &amp; ESG Indexes\"},\"image\":{\"@id\":\"\/#\/schema\/logo\/image\/\"}}]}<\/script>\n<!-- \/ Yoast SEO Premium plugin. -->","yoast_head_json":{"title":"Fiches Pays","description":"S'appuyant sur les donn\u00e9es de l'indice Global de Corruption & de l'Indice ESG, nos profils de risques par pays synth\u00e9tisent l'exposition d'une juridiction aux risques de corruption et ESG.","robots":{"index":"index","follow":"follow","max-snippet":"max-snippet:-1","max-image-preview":"max-image-preview:large","max-video-preview":"max-video-preview:-1"},"canonical":"http:\/\/risk-indexes.com\/fr\/profils-de-risques-par-pays\/","og_locale":"fr_FR","og_type":"article","og_title":"Fiches Pays","og_description":"S'appuyant sur les donn\u00e9es de l'indice Global de Corruption & de l'Indice ESG, nos profils de risques par pays synth\u00e9tisent l'exposition d'une juridiction aux risques de corruption et ESG.","og_url":"http:\/\/risk-indexes.com\/fr\/profils-de-risques-par-pays\/","og_site_name":"Global Corruption &amp; ESG Indexes","article_modified_time":"2022-10-18T18:45:31+00:00","og_image":[{"width":747,"height":428,"url":"http:\/\/risk-indexes.com\/wp-content\/uploads\/2022\/10\/copy-riskindexes_screenings_products-2.png","type":"image\/png"}],"twitter_card":"summary_large_image","twitter_misc":{"Dur\u00e9e de lecture estim\u00e9e":"1 minute"},"schema":{"@context":"https:\/\/schema.org","@graph":[{"@type":"WebPage","@id":"http:\/\/risk-indexes.com\/fr\/profils-de-risques-par-pays\/","url":"http:\/\/risk-indexes.com\/fr\/profils-de-risques-par-pays\/","name":"Fiches Pays","isPartOf":{"@id":"\/#website"},"primaryImageOfPage":{"@id":"http:\/\/risk-indexes.com\/fr\/profils-de-risques-par-pays\/#primaryimage"},"image":{"@id":"http:\/\/risk-indexes.com\/fr\/profils-de-risques-par-pays\/#primaryimage"},"thumbnailUrl":"http:\/\/risk-indexes.com\/wp-content\/uploads\/2022\/10\/copy-riskindexes_screenings_products-2.png","datePublished":"2020-04-30T13:34:26+00:00","dateModified":"2022-10-18T18:45:31+00:00","description":"S'appuyant sur les donn\u00e9es de l'indice Global de Corruption & de l'Indice ESG, nos profils de risques par pays synth\u00e9tisent l'exposition d'une juridiction aux risques de corruption et ESG.","inLanguage":"fr-FR","potentialAction":[{"@type":"ReadAction","target":["http:\/\/risk-indexes.com\/fr\/profils-de-risques-par-pays\/"]}]},{"@type":"ImageObject","inLanguage":"fr-FR","@id":"http:\/\/risk-indexes.com\/fr\/profils-de-risques-par-pays\/#primaryimage","url":"http:\/\/risk-indexes.com\/wp-content\/uploads\/2022\/10\/copy-riskindexes_screenings_products-2.png","contentUrl":"http:\/\/risk-indexes.com\/wp-content\/uploads\/2022\/10\/copy-riskindexes_screenings_products-2.png","width":747,"height":428,"caption":"Risk"},{"@type":"WebSite","@id":"\/#website","url":"\/","name":"Global Corruption &amp; ESG Indexes","description":"Our Global Corruption &amp; ESG Indexes and Ratings are specifically aimed for risk management and compliance professionals and allow for effective risk mapping.","publisher":{"@id":"\/#organization"},"potentialAction":[{"@type":"SearchAction","target":{"@type":"EntryPoint","urlTemplate":"\/?s={search_term_string}"},"query-input":"required name=search_term_string"}],"inLanguage":"fr-FR"},{"@type":"Organization","@id":"\/#organization","name":"Global Corruption &amp; ESG Indexes","url":"\/","logo":{"@type":"ImageObject","inLanguage":"fr-FR","@id":"\/#\/schema\/logo\/image\/","url":"http:\/\/risk-indexes.com\/wp-content\/uploads\/2022\/06\/RWI_Logo_TransparentBackground_3.png","contentUrl":"http:\/\/risk-indexes.com\/wp-content\/uploads\/2022\/06\/RWI_Logo_TransparentBackground_3.png","width":500,"height":339,"caption":"Global Corruption &amp; ESG Indexes"},"image":{"@id":"\/#\/schema\/logo\/image\/"}}]}},"_links":{"self":[{"href":"http:\/\/risk-indexes.com\/fr\/wp-json\/wp\/v2\/pages\/3113","targetHints":{"allow":["GET"]}}],"collection":[{"href":"http:\/\/risk-indexes.com\/fr\/wp-json\/wp\/v2\/pages"}],"about":[{"href":"http:\/\/risk-indexes.com\/fr\/wp-json\/wp\/v2\/types\/page"}],"author":[{"embeddable":true,"href":"http:\/\/risk-indexes.com\/fr\/wp-json\/wp\/v2\/users\/3"}],"replies":[{"embeddable":true,"href":"http:\/\/risk-indexes.com\/fr\/wp-json\/wp\/v2\/comments?post=3113"}],"version-history":[{"count":0,"href":"http:\/\/risk-indexes.com\/fr\/wp-json\/wp\/v2\/pages\/3113\/revisions"}],"wp:featuredmedia":[{"embeddable":true,"href":"http:\/\/risk-indexes.com\/fr\/wp-json\/wp\/v2\/media\/8254"}],"wp:attachment":[{"href":"http:\/\/risk-indexes.com\/fr\/wp-json\/wp\/v2\/media?parent=3113"}],"curies":[{"name":"wp","href":"https:\/\/api.w.org\/{rel}","templated":true}]}}