{"id":2232,"date":"2019-06-12T10:50:20","date_gmt":"2019-06-12T08:50:20","guid":{"rendered":"http:\/\/riskwatchinitiative.org\/carte-droits-humains\/"},"modified":"2024-05-14T12:06:15","modified_gmt":"2024-05-14T10:06:15","slug":"carte-droits-humains","status":"publish","type":"page","link":"http:\/\/risk-indexes.com\/fr\/carte-droits-humains\/","title":{"rendered":"Carte Droits Humains"},"content":{"rendered":"\t\t<div data-elementor-type=\"wp-post\" data-elementor-id=\"2232\" class=\"elementor elementor-2232 elementor-2015\" data-elementor-post-type=\"page\">\n\t\t\t\t\t\t<section class=\"elementor-section elementor-top-section elementor-element elementor-element-acb97a2 elementor-section-content-middle elementor-section-boxed elementor-section-height-default elementor-section-height-default\" data-id=\"acb97a2\" data-element_type=\"section\">\n\t\t\t\t\t\t<div class=\"elementor-container elementor-column-gap-default\">\n\t\t\t\t\t<div class=\"elementor-column elementor-col-50 elementor-top-column elementor-element elementor-element-019df44\" data-id=\"019df44\" data-element_type=\"column\">\n\t\t\t<div class=\"elementor-widget-wrap elementor-element-populated\">\n\t\t\t\t\t\t<div class=\"elementor-element elementor-element-2ecb2f0 elementor-widget elementor-widget-heading\" data-id=\"2ecb2f0\" data-element_type=\"widget\" data-widget_type=\"heading.default\">\n\t\t\t\t<div class=\"elementor-widget-container\">\n\t\t\t<h1 class=\"elementor-heading-title elementor-size-default\">Indice DROITS HUMAINS 2023<\/h1>\t\t<\/div>\n\t\t\t\t<\/div>\n\t\t\t\t\t<\/div>\n\t\t<\/div>\n\t\t\t\t<div class=\"elementor-column elementor-col-50 elementor-top-column elementor-element elementor-element-41a3f2d\" data-id=\"41a3f2d\" data-element_type=\"column\">\n\t\t\t<div class=\"elementor-widget-wrap elementor-element-populated\">\n\t\t\t\t\t\t<div class=\"elementor-element elementor-element-5ff0426 elementor-widget elementor-widget-text-editor\" data-id=\"5ff0426\" data-element_type=\"widget\" data-widget_type=\"text-editor.default\">\n\t\t\t\t<div class=\"elementor-widget-container\">\n\t\t\t\t\t\t\tL&rsquo;indice Droits Humains couvre <span style=\"color: #00b571;\">185 pays et territoires<\/span>.\r\n\r\nLes r\u00e9sultats des pays sont pr\u00e9sent\u00e9s sur une \u00e9chelle de 0 \u00e0 100, o\u00f9 0 correspond au risque le plus faible et 100 correspond au risque le plus \u00e9lev\u00e9.\t\t\t\t\t\t<\/div>\n\t\t\t\t<\/div>\n\t\t\t\t\t<\/div>\n\t\t<\/div>\n\t\t\t\t\t<\/div>\n\t\t<\/section>\n\t\t\t\t<section class=\"elementor-section elementor-top-section elementor-element elementor-element-cc76564 elementor-section-boxed elementor-section-height-default elementor-section-height-default\" data-id=\"cc76564\" data-element_type=\"section\">\n\t\t\t\t\t\t<div class=\"elementor-container elementor-column-gap-default\">\n\t\t\t\t\t<div class=\"elementor-column elementor-col-100 elementor-top-column elementor-element elementor-element-aabad12\" data-id=\"aabad12\" data-element_type=\"column\">\n\t\t\t<div class=\"elementor-widget-wrap elementor-element-populated\">\n\t\t\t\t\t\t<div class=\"elementor-element elementor-element-3f943cb elementor-widget elementor-widget-html\" data-id=\"3f943cb\" data-element_type=\"widget\" data-widget_type=\"html.default\">\n\t\t\t\t<div class=\"elementor-widget-container\">\n\t\t\t<div class=\"infogram-embed\" data-id=\"c206b180-4c4a-48d4-9018-28ee4e9ccf6d\" data-type=\"interactive\" data-title=\"Human Rights sub-index 2023\"><\/div><script>!function(e,n,i,s){var d=\"InfogramEmbeds\";var o=e.getElementsByTagName(n)[0];if(window[d]&&window[d].initialized)window[d].process&&window[d].process();else if(!e.getElementById(i)){var r=e.createElement(n);r.async=1,r.id=i,r.src=s,o.parentNode.insertBefore(r,o)}}(document,\"script\",\"infogram-async\",\"https:\/\/e.infogram.com\/js\/dist\/embed-loader-min.js\");<\/script>\t\t<\/div>\n\t\t\t\t<\/div>\n\t\t\t\t\t<\/div>\n\t\t<\/div>\n\t\t\t\t\t<\/div>\n\t\t<\/section>\n\t\t\t\t<\/div>\n\t\t","protected":false},"excerpt":{"rendered":"<p>Indice DROITS HUMAINS 2023 L&rsquo;indice Droits Humains couvre 185 pays et territoires. Les r\u00e9sultats des pays sont pr\u00e9sent\u00e9s sur une \u00e9chelle de 0 \u00e0 100, o\u00f9 0 correspond au risque le plus faible et 100 correspond au risque le plus \u00e9lev\u00e9.<\/p>\n","protected":false},"author":3,"featured_media":0,"parent":0,"menu_order":0,"comment_status":"closed","ping_status":"closed","template":"elementor_canvas","meta":{"footnotes":""},"class_list":["post-2232","page","type-page","status-publish","hentry"],"acf":[],"yoast_head":"<!-- This site is optimized with the Yoast SEO Premium plugin v22.4 (Yoast SEO v22.4) - https:\/\/yoast.com\/wordpress\/plugins\/seo\/ -->\n<title>Carte Droits Humains<\/title>\n<meta name=\"description\" content=\"Le sous-indice Droits Humains quantifie les risques li\u00e9s aux droits sociaux (tels que l\u2019esclavage, le travail des enfants), les droits civils, politiques et collectifs\" \/>\n<meta name=\"robots\" content=\"index, follow, max-snippet:-1, max-image-preview:large, max-video-preview:-1\" \/>\n<link rel=\"canonical\" href=\"http:\/\/risk-indexes.com\/fr\/carte-droits-humains\/\" \/>\n<meta property=\"og:locale\" content=\"fr_FR\" \/>\n<meta property=\"og:type\" content=\"article\" \/>\n<meta property=\"og:title\" content=\"Carte Droits Humains\" \/>\n<meta property=\"og:description\" content=\"Le sous-indice Droits Humains quantifie les risques li\u00e9s aux droits sociaux (tels que l\u2019esclavage, le travail des enfants), les droits civils, politiques et collectifs\" \/>\n<meta property=\"og:url\" content=\"http:\/\/risk-indexes.com\/fr\/carte-droits-humains\/\" \/>\n<meta property=\"og:site_name\" content=\"Global Corruption &amp; ESG Indexes\" \/>\n<meta property=\"article:modified_time\" content=\"2024-05-14T10:06:15+00:00\" \/>\n<meta name=\"twitter:card\" content=\"summary_large_image\" \/>\n<meta name=\"twitter:label1\" content=\"Dur\u00e9e de lecture estim\u00e9e\" \/>\n\t<meta name=\"twitter:data1\" content=\"1 minute\" \/>\n<script type=\"application\/ld+json\" class=\"yoast-schema-graph\">{\"@context\":\"https:\/\/schema.org\",\"@graph\":[{\"@type\":\"WebPage\",\"@id\":\"http:\/\/risk-indexes.com\/fr\/carte-droits-humains\/\",\"url\":\"http:\/\/risk-indexes.com\/fr\/carte-droits-humains\/\",\"name\":\"Carte Droits Humains\",\"isPartOf\":{\"@id\":\"\/#website\"},\"datePublished\":\"2019-06-12T08:50:20+00:00\",\"dateModified\":\"2024-05-14T10:06:15+00:00\",\"description\":\"Le sous-indice Droits Humains quantifie les risques li\u00e9s aux droits sociaux (tels que l\u2019esclavage, le travail des enfants), les droits civils, politiques et collectifs\",\"inLanguage\":\"fr-FR\",\"potentialAction\":[{\"@type\":\"ReadAction\",\"target\":[\"http:\/\/risk-indexes.com\/fr\/carte-droits-humains\/\"]}]},{\"@type\":\"WebSite\",\"@id\":\"\/#website\",\"url\":\"\/\",\"name\":\"Global Corruption &amp; ESG Indexes\",\"description\":\"Our Global Corruption &amp; ESG Indexes and Ratings are specifically aimed for risk management and compliance professionals and allow for effective risk mapping.\",\"publisher\":{\"@id\":\"\/#organization\"},\"potentialAction\":[{\"@type\":\"SearchAction\",\"target\":{\"@type\":\"EntryPoint\",\"urlTemplate\":\"\/?s={search_term_string}\"},\"query-input\":\"required name=search_term_string\"}],\"inLanguage\":\"fr-FR\"},{\"@type\":\"Organization\",\"@id\":\"\/#organization\",\"name\":\"Global Corruption &amp; ESG Indexes\",\"url\":\"\/\",\"logo\":{\"@type\":\"ImageObject\",\"inLanguage\":\"fr-FR\",\"@id\":\"\/#\/schema\/logo\/image\/\",\"url\":\"http:\/\/risk-indexes.com\/wp-content\/uploads\/2022\/06\/RWI_Logo_TransparentBackground_3.png\",\"contentUrl\":\"http:\/\/risk-indexes.com\/wp-content\/uploads\/2022\/06\/RWI_Logo_TransparentBackground_3.png\",\"width\":500,\"height\":339,\"caption\":\"Global Corruption &amp; ESG Indexes\"},\"image\":{\"@id\":\"\/#\/schema\/logo\/image\/\"}}]}<\/script>\n<!-- \/ Yoast SEO Premium plugin. -->","yoast_head_json":{"title":"Carte Droits Humains","description":"Le sous-indice Droits Humains quantifie les risques li\u00e9s aux droits sociaux (tels que l\u2019esclavage, le travail des enfants), les droits civils, politiques et collectifs","robots":{"index":"index","follow":"follow","max-snippet":"max-snippet:-1","max-image-preview":"max-image-preview:large","max-video-preview":"max-video-preview:-1"},"canonical":"http:\/\/risk-indexes.com\/fr\/carte-droits-humains\/","og_locale":"fr_FR","og_type":"article","og_title":"Carte Droits Humains","og_description":"Le sous-indice Droits Humains quantifie les risques li\u00e9s aux droits sociaux (tels que l\u2019esclavage, le travail des enfants), les droits civils, politiques et collectifs","og_url":"http:\/\/risk-indexes.com\/fr\/carte-droits-humains\/","og_site_name":"Global Corruption &amp; ESG Indexes","article_modified_time":"2024-05-14T10:06:15+00:00","twitter_card":"summary_large_image","twitter_misc":{"Dur\u00e9e de lecture estim\u00e9e":"1 minute"},"schema":{"@context":"https:\/\/schema.org","@graph":[{"@type":"WebPage","@id":"http:\/\/risk-indexes.com\/fr\/carte-droits-humains\/","url":"http:\/\/risk-indexes.com\/fr\/carte-droits-humains\/","name":"Carte Droits Humains","isPartOf":{"@id":"\/#website"},"datePublished":"2019-06-12T08:50:20+00:00","dateModified":"2024-05-14T10:06:15+00:00","description":"Le sous-indice Droits Humains quantifie les risques li\u00e9s aux droits sociaux (tels que l\u2019esclavage, le travail des enfants), les droits civils, politiques et collectifs","inLanguage":"fr-FR","potentialAction":[{"@type":"ReadAction","target":["http:\/\/risk-indexes.com\/fr\/carte-droits-humains\/"]}]},{"@type":"WebSite","@id":"\/#website","url":"\/","name":"Global Corruption &amp; ESG Indexes","description":"Our Global Corruption &amp; ESG Indexes and Ratings are specifically aimed for risk management and compliance professionals and allow for effective risk mapping.","publisher":{"@id":"\/#organization"},"potentialAction":[{"@type":"SearchAction","target":{"@type":"EntryPoint","urlTemplate":"\/?s={search_term_string}"},"query-input":"required name=search_term_string"}],"inLanguage":"fr-FR"},{"@type":"Organization","@id":"\/#organization","name":"Global Corruption &amp; ESG Indexes","url":"\/","logo":{"@type":"ImageObject","inLanguage":"fr-FR","@id":"\/#\/schema\/logo\/image\/","url":"http:\/\/risk-indexes.com\/wp-content\/uploads\/2022\/06\/RWI_Logo_TransparentBackground_3.png","contentUrl":"http:\/\/risk-indexes.com\/wp-content\/uploads\/2022\/06\/RWI_Logo_TransparentBackground_3.png","width":500,"height":339,"caption":"Global Corruption &amp; ESG Indexes"},"image":{"@id":"\/#\/schema\/logo\/image\/"}}]}},"_links":{"self":[{"href":"http:\/\/risk-indexes.com\/fr\/wp-json\/wp\/v2\/pages\/2232","targetHints":{"allow":["GET"]}}],"collection":[{"href":"http:\/\/risk-indexes.com\/fr\/wp-json\/wp\/v2\/pages"}],"about":[{"href":"http:\/\/risk-indexes.com\/fr\/wp-json\/wp\/v2\/types\/page"}],"author":[{"embeddable":true,"href":"http:\/\/risk-indexes.com\/fr\/wp-json\/wp\/v2\/users\/3"}],"replies":[{"embeddable":true,"href":"http:\/\/risk-indexes.com\/fr\/wp-json\/wp\/v2\/comments?post=2232"}],"version-history":[{"count":0,"href":"http:\/\/risk-indexes.com\/fr\/wp-json\/wp\/v2\/pages\/2232\/revisions"}],"wp:attachment":[{"href":"http:\/\/risk-indexes.com\/fr\/wp-json\/wp\/v2\/media?parent=2232"}],"curies":[{"name":"wp","href":"https:\/\/api.w.org\/{rel}","templated":true}]}}